{"id":92,"date":"2013-07-03T16:59:49","date_gmt":"2013-07-03T16:59:49","guid":{"rendered":"http:\/\/grupos.unileon.es\/mebar\/?page_id=92"},"modified":"2013-12-20T16:22:23","modified_gmt":"2013-12-20T16:22:23","slug":"cesar-gutierrez-vinayo","status":"publish","type":"page","link":"https:\/\/grupos.unileon.es\/mebar\/participantes-del-grupo\/cesar-gutierrez-vinayo\/","title":{"rendered":"C\u00e9sar Guti\u00e9rrez Vi\u00f1ayo"},"content":{"rendered":"<p><a href=\"http:\/\/grupos.unileon.es\/mebar\/files\/2013\/07\/Foto-Cesar.jpg\"><img loading=\"lazy\" decoding=\"async\" class=\"alignleft  wp-image-93\" style=\"border: white 10px solid;\" alt=\"Foto Cesar\" src=\"http:\/\/grupos.unileon.es\/mebar\/files\/2013\/07\/Foto-Cesar.jpg\" width=\"175\" height=\"200\" \/><\/a>Profesor titular de Filolog\u00eda Francesa en la Universidad de Le\u00f3n. Realiz\u00f3 sus estudios universitarios de E.F.P.E (Licence) y de Lettres Modernes, (Licence, Ma\u00eetrise et D.E.A.), en la Sorbona, Par\u00eds. Realiz\u00f3 una tesis sobre Andr\u00e9 Malraux titulada, <i>La evoluci\u00f3n del <\/i><i>pensamiento de Andr\u00e9 Malraux a trav\u00e9s de sus textos: Desde Les Noyers de l\u00b4Altenburg \u00e0 Le Miroir des Limbes<\/i>.<\/p>\n<p>Ha seguido con este autor su l\u00ednea de investigaci\u00f3n como lo prueban sus publicaciones, \u201c\u00c0 la recherche d\u00b4un nouveau genre dans les Antim\u00e9moires\u201d. \u201cLa Lutte avec l\u00b4Ange comme gen\u00e8se de l\u00b4oeuvre\u201d. \u201cLa Lutte avec l\u00b4Ange, la lutte avec le mal\u201d. \u201cLes Antim\u00e9moires de A. Malraux, les m\u00e9tamorphoses de la cr\u00e9ation\u201d.<\/p>\n<p>Caben destacar otros temas de investigaci\u00f3n sobre Literatura Fant\u00e1stica y m\u00e1s en concreto sobre <i>Les <\/i><i>Contes Fantastiques de Th\u00e9ophile Gautier como: <\/i>\u201cLa com\u00e9die de la vie, lieu d\u00b4attente d\u00b4un au-del\u00e0 heureux\u201d,\u00a0en <i>Bulletin de la Soci\u00e9t\u00e9 Th\u00e9ophile Gautier<\/i>.<\/p>\n<p>Tambi\u00e9n se ha interesado por la adaptaci\u00f3n cinematogr\u00e1fica de textos literarios franceses: \u201cL\u00e9t\u00e9 meurtrier: du texte au film\u201d; \u201cDe l\u00b4Espoir \u00e0 Sierra de Teruel: Journal d\u00b4une adaptation litt\u00e9raire au cin\u00e9ma\u201d; \u201cEl cine militante durante la Guerra Civil espa\u00f1ola: Sierra de Teruel\u201d; \u201cDe l\u00b4Espoir au d\u00e9sespoir. Une transformation dans le temps\u201d.<\/p>\n<p>Destacan tambi\u00e9n numerosos trabajos sobre autores extranjeros que escriben en franc\u00e9s: \u201cHenry Troyat (1911-2007)\u00bb,\u00a0en <i>RODOPI<\/i>. \u201cAndre\u00ef Makine, l\u00b4homme \u00e0 la recherche de son identit\u00e9\u201d. \u201cA. Makine: Le devoir de m\u00e9moire\u00bb. \u201cL\u00b4image du temps dans l\u00b4Empreinte de l\u00b4Ange de Nancy Houston\u201d.<\/p>\n<p>Actualmente investiga sobre la Ret\u00f3rica que ampl\u00eda y profundiza la l\u00ednea seguida por nuestro grupo MEBAR, de estudios del Barroco al Romanticismo cuyo resultado fue la publicaci\u00f3n de\u00a0un art\u00edculo: \u201cSpirite de Th\u00e9ophile Gautier: la qu\u00eate du bonheur accompli\u201d en <i>Ret\u00f3rica de la felicidad<\/i>, (Gemma \u00c1lvarez Ord\u00f3\u00f1ez ed.).<\/p>\n","protected":false},"excerpt":{"rendered":"<p>Profesor titular de Filolog\u00eda Francesa en la Universidad de Le\u00f3n. Realiz\u00f3 sus estudios universitarios de E.F.P.E (Licence) y de Lettres Modernes, (Licence, Ma\u00eetrise et D.E.A.), en la Sorbona, Par\u00eds. Realiz\u00f3 una tesis sobre Andr\u00e9 Malraux titulada, La evoluci\u00f3n del pensamiento de Andr\u00e9 Malraux a trav\u00e9s de sus textos: Desde Les Noyers de l\u00b4Altenburg \u00e0 Le [&hellip;]<\/p>\n","protected":false},"author":16,"featured_media":0,"parent":42,"menu_order":0,"comment_status":"closed","ping_status":"closed","template":"","meta":{"footnotes":""},"class_list":["post-92","page","type-page","status-publish","hentry"],"_links":{"self":[{"href":"https:\/\/grupos.unileon.es\/mebar\/wp-json\/wp\/v2\/pages\/92","targetHints":{"allow":["GET"]}}],"collection":[{"href":"https:\/\/grupos.unileon.es\/mebar\/wp-json\/wp\/v2\/pages"}],"about":[{"href":"https:\/\/grupos.unileon.es\/mebar\/wp-json\/wp\/v2\/types\/page"}],"author":[{"embeddable":true,"href":"https:\/\/grupos.unileon.es\/mebar\/wp-json\/wp\/v2\/users\/16"}],"replies":[{"embeddable":true,"href":"https:\/\/grupos.unileon.es\/mebar\/wp-json\/wp\/v2\/comments?post=92"}],"version-history":[{"count":3,"href":"https:\/\/grupos.unileon.es\/mebar\/wp-json\/wp\/v2\/pages\/92\/revisions"}],"predecessor-version":[{"id":236,"href":"https:\/\/grupos.unileon.es\/mebar\/wp-json\/wp\/v2\/pages\/92\/revisions\/236"}],"up":[{"embeddable":true,"href":"https:\/\/grupos.unileon.es\/mebar\/wp-json\/wp\/v2\/pages\/42"}],"wp:attachment":[{"href":"https:\/\/grupos.unileon.es\/mebar\/wp-json\/wp\/v2\/media?parent=92"}],"curies":[{"name":"wp","href":"https:\/\/api.w.org\/{rel}","templated":true}]}}