{"id":138,"date":"2022-09-20T10:24:43","date_gmt":"2022-09-20T10:24:43","guid":{"rendered":"https:\/\/grupos.unileon.es\/mediacion\/?page_id=138"},"modified":"2026-02-27T18:25:22","modified_gmt":"2026-02-27T18:25:22","slug":"legislacion-en-mediacion-2","status":"publish","type":"page","link":"https:\/\/grupos.unileon.es\/mediacion\/legislacion-en-mediacion-2\/","title":{"rendered":"Legislaci\u00f3n en Mediaci\u00f3n"},"content":{"rendered":"<h2>Normativa estatal<\/h2>\n<div class=\"divResultados divResultados1\">\n<ol>\n<li class=\"li\">\n<p class=\"titu\"><strong>Ley 4\/2015, de 27 de abril, del Estatuto de la v\u00edctima del delito<\/strong><\/p>\n<ul style=\"list-style-type: circle;\">\n<li><a id=\"TM-DESCARGA-FICH-1\" title=\"Ley 4\/2015, de 27 de abril\" href=\"https:\/\/www.poderjudicial.es\/stfls\/CGPJ\/MEDIACI\u00d3N\/FICHERO\/20150624 Ley 4-2015, de 27 de abril.pdf\" target=\"_blank\" rel=\"noopener\">Ley 4\/2015, de 27 de abril<\/a><\/li>\n<\/ul>\n<\/li>\n<li class=\"li\">\n<p class=\"titu\"><strong>Orden JUS\/746\/2014, de 7 de mayo, por la que se desarrollan los art\u00edculos 14 y 21 del Real Decreto 980\/2013, de 13 de diciembre y se crea el fichero de mediadores e instituciones de mediaci\u00f3n<\/strong><\/p>\n<ul style=\"list-style-type: circle;\">\n<li><a id=\"TM-DESCARGA-FICH-1\" title=\"Orden JUS\/746\/2014, de 7 de mayo\" href=\"https:\/\/www.poderjudicial.es\/stfls\/CGPJ\/MEDIACI\u00d3N\/FICHERO\/20150624 Orden JUS-746-2014, de 7 de mayo.pdf\" target=\"_blank\" rel=\"noopener\">Orden JUS\/746\/2014, de 7 de mayo<\/a><\/li>\n<\/ul>\n<\/li>\n<li class=\"li\">\n<p class=\"titu\"><strong>Real Decreto 980\/2013, de 13 de diciembre, por el que se desarrollan determinados aspectos de la Ley 5\/2012, de 6 de julio, de mediaci\u00f3n en asuntos civiles y mercantiles<\/strong><\/p>\n<ul style=\"list-style-type: circle;\">\n<li><a id=\"TM-DESCARGA-FICH-1\" title=\"Real Decreto 980\/2013, de 13 de diciembre\" href=\"https:\/\/www.poderjudicial.es\/stfls\/CGPJ\/MEDIACI\u00d3N\/FICHERO\/20150624 RD 980-2013.pdf\" target=\"_blank\" rel=\"noopener\">Real Decreto 980\/2013, de 13 de diciembre<\/a><\/li>\n<\/ul>\n<\/li>\n<li class=\"li\">\n<p class=\"titu\"><strong>Ley 5\/2012, de 6 de julio, de mediaci\u00f3n en asuntos civiles y mercantiles<\/strong><\/p>\n<ul>\n<li><a id=\"TM-DESCARGA-FICH-1\" title=\"Ley 5\/2012, de 6 de julio, de mediaci\u00f3n en asuntos civiles y mercantiles\" href=\"https:\/\/www.poderjudicial.es\/stfls\/CGPJ\/MEDIACI\u00d3N\/FICHERO\/20120808 BOE-A-2012-9112 Ley de mediaci\u00f3n.pdf\" target=\"_blank\" rel=\"noopener\">Ley 5\/2012, de 6 de julio, de mediaci\u00f3n en asuntos civiles y mercantiles<\/a><\/li>\n<\/ul>\n<\/li>\n<li><strong>Ley 1\/2025, <strong class=\"svelte-x57wqa\"><span class=\"svelte-x57wqa\">de 2 de enero, de medidas en materia de eficiencia del Servicio P\u00fablico de Justicia<\/span><\/strong><\/strong><\/li>\n<\/ol>\n<ul>\n<li style=\"list-style-type: none;\">\n<ul>\n<li style=\"list-style-type: none;\">\n<ul style=\"list-style-type: circle;\">\n<li><a href=\"https:\/\/www.boe.es\/buscar\/act.php?id=BOE-A-2025-76\">Ley Org\u00e1nica 1\/2025, de 2 de enero, de medidas en materia de eficiencia del Servicio P\u00fablico de Justicia.<\/a><\/li>\n<\/ul>\n<\/li>\n<\/ul>\n<\/li>\n<\/ul>\n<\/div>\n<h2>Normativa auton\u00f3mica<\/h2>\n<div class=\"cabeceraListado1\">\n<h3 class=\"titu7\">Andaluc\u00eda<\/h3>\n<\/div>\n<div class=\"divResultados divResultados1\">\n<ol>\n<li class=\"li\">\n<p class=\"titu\"><a title=\"Decreto 37\/2012, de 21 de febrero, por el que se aprueba el Reglamento de Desarrollo de la Ley 1\/2009, de 27 de febrero, reguladora de la Mediaci\u00f3n Familiar en la Comunidad Aut\u00f3noma de Andaluc\u00eda\" href=\"https:\/\/www.juntadeandalucia.es\/boja\/2012\/46\/3\" target=\"_blank\" rel=\"noopener\">Decreto 37\/2012, de 21 de febrero, por el que se aprueba el Reglamento de Desarrollo de la Ley 1\/2009, de 27 de febrero, reguladora de la Mediaci\u00f3n Familiar en la Comunidad Aut\u00f3noma de Andaluc\u00eda <\/a><\/p>\n<p class=\"datos\">publicado en BOJA n\u00fam. 46, de 7 de marzo de 2012<\/p>\n<\/li>\n<li class=\"li\">\n<p class=\"titu\"><a title=\"Ley 1\/2009, de 27 de febrero, reguladora de la Mediaci\u00f3n Familiar en la Comunidad Aut\u00f3noma de Andaluc\u00eda\" href=\"https:\/\/www.juntadeandalucia.es\/boja\/boletines\/2009\/50\/d\/1.html\" target=\"_blank\" rel=\"noopener\">Ley 1\/2009, de 27 de febrero, reguladora de la Mediaci\u00f3n Familiar en la Comunidad Aut\u00f3noma de Andaluc\u00eda <\/a><\/p>\n<p class=\"datos\">publicado en BOJA n\u00fam. 50, de 13 de marzo de 2009<\/p>\n<\/li>\n<\/ol>\n<\/div>\n<div class=\"cabeceraListado1\">\n<h3 class=\"titu7\">Arag\u00f3n<\/h3>\n<\/div>\n<div class=\"divResultados divResultados1\">\n<ol>\n<li class=\"li\">\n<p class=\"titu\"><a title=\"Ley 9\/2011, de 24 de marzo, de mediaci\u00f3n familiar de Arag\u00f3n\" href=\"https:\/\/www.boe.es\/buscar\/doc.php?id=BOE-A-2011-8402\" target=\"_blank\" rel=\"noopener\">Ley 9\/2011, de 24 de marzo, de mediaci\u00f3n familiar de Arag\u00f3n\u00a0<\/a><\/p>\n<p class=\"datos\">publicado en el BOE n\u00fam. 115, de 14 de mayo de 2011<\/p>\n<\/li>\n<\/ol>\n<\/div>\n<div class=\"cabeceraListado1\">\n<h3 class=\"titu7\">Asturias<\/h3>\n<\/div>\n<div class=\"divResultados divResultados1\">\n<ol>\n<li class=\"li\">\n<p class=\"titu\"><a title=\"Ley del Principado de Asturias 3\/2007, de 23 de marzo, de Mediaci\u00f3n familiar\" href=\"https:\/\/sede.asturias.es\/portal\/site\/Asturias\/menuitem.1003733838db7342ebc4e191100000f7\/?vgnextoid=d7d79d16b61ee010VgnVCM1000000100007fRCRD&amp;fecha=09\/04\/2007&amp;refArticulo=2007-1409001&amp;i18n.http.lang=es\" target=\"_blank\" rel=\"noopener\">Ley del Principado de Asturias 3\/2007, de 23 de marzo, de Mediaci\u00f3n familiar\u00a0<\/a><\/p>\n<p class=\"datos\">publicado en el Bolet\u00edn Oficial del Principado de Asturias, de 9 de abril de 2007<\/p>\n<\/li>\n<\/ol>\n<\/div>\n<div class=\"cabeceraListado1\">\n<h3 class=\"titu7\">Canarias<\/h3>\n<\/div>\n<div class=\"divResultados divResultados1\">\n<ol>\n<li class=\"li\">\n<p class=\"titu\"><a title=\"Ley 15\/2003, de 8 de abril, de la mediaci\u00f3n familiar \" href=\"https:\/\/www.gobiernodecanarias.org\/libroazul\/pdf\/39312.pdf\" target=\"_blank\" rel=\"noopener\">Ley 15\/2003, de 8 de abril, de la mediaci\u00f3n familiar <\/a><\/p>\n<p class=\"datos\">publicado en BOC n\u00fam. 85, de 6 de mayo de 2003<\/p>\n<\/li>\n<li class=\"li\">\n<p class=\"titu\"><a title=\"Ley 3\/2005, de 23 de junio, para la modificaci\u00f3n de la Ley 15\/2003, de 8 de abril, de la mediaci\u00f3n familiar\" href=\"https:\/\/www.boe.es\/buscar\/doc.php?id=BOE-A-2005-12817\" target=\"_blank\" rel=\"noopener\">Ley 3\/2005, de 23 de junio, para la modificaci\u00f3n de la Ley 15\/2003, de 8 de abril, de la mediaci\u00f3n familiar\u00a0<\/a><\/p>\n<p class=\"datos\">publicado en BOE n\u00fam. 177, 26 julio 2005<\/p>\n<\/li>\n<\/ol>\n<\/div>\n<div class=\"cabeceraListado1\">\n<h3 class=\"titu7\">Cantabria<\/h3>\n<\/div>\n<div class=\"divResultados divResultados1\">\n<ol>\n<li class=\"li\">\n<p class=\"titu\"><a title=\"Ley 1\/2011, de 28 de marzo, de Mediaci\u00f3n de la Comunidad Aut\u00f3noma de Cantabria\" href=\"https:\/\/www.boe.es\/buscar\/doc.php?id=BOE-A-2011-7406\" target=\"_blank\" rel=\"noopener\">Ley 1\/2011, de 28 de marzo, de Mediaci\u00f3n de la Comunidad Aut\u00f3noma de Cantabria <\/a><\/p>\n<p class=\"datos\">publicado en BOE n\u00fam. 99, 26 abril 2011<\/p>\n<\/li>\n<\/ol>\n<\/div>\n<div class=\"cabeceraListado1\">\n<h3 class=\"titu7\">Castilla La Mancha<\/h3>\n<\/div>\n<div class=\"divResultados divResultados1\">\n<ol>\n<li class=\"li\">\n<p class=\"titu\"><a title=\"Ley 4\/2005, de 24 de mayo, del Servicio Social Especializado de Mediaci\u00f3n Familiar\" href=\"https:\/\/www.boe.es\/buscar\/doc.php?id=BOE-A-2005-14493\" target=\"_blank\" rel=\"noopener\">Ley 4\/2005, de 24 de mayo, del Servicio Social Especializado de Mediaci\u00f3n Familiar <\/a><\/p>\n<p class=\"datos\">publicado en BOE n\u00fam. 203, de 25 agosto 2005<\/p>\n<\/li>\n<\/ol>\n<\/div>\n<div class=\"cabeceraListado1\">\n<h3 class=\"titu7\">Castilla y Le\u00f3n<\/h3>\n<\/div>\n<div class=\"divResultados divResultados1\">\n<ol>\n<li class=\"li\">\n<p class=\"titu\"><a title=\"Ley 1\/2006, de 6 de abril, de mediaci\u00f3n familiar de Castilla y Le\u00f3n\" href=\"https:\/\/www.boe.es\/buscar\/doc.php?id=BOE-A-2006-7837\" target=\"_blank\" rel=\"noopener\">Ley 1\/2006, de 6 de abril, de mediaci\u00f3n familiar de Castilla y Le\u00f3n<span class=\"lectores\">Abre en nueva ventana<\/span> <\/a><\/p>\n<p class=\"datos\">publicado en BOE n\u00fam. 105, 3 mayo 2006<\/p>\n<\/li>\n<\/ol>\n<\/div>\n<div class=\"cabeceraListado1\">\n<h3 class=\"titu7\">Catalu\u00f1a<\/h3>\n<\/div>\n<div class=\"divResultados divResultados1\">\n<ol>\n<li class=\"li\">\n<p class=\"titu\"><a title=\"Decreto 135\/2012, de 23 de octubre, por el que se aprueba el Reglamento de la Ley 15\/2009, de 22 de julio, de mediaci\u00f3n en el \u00e1mbito del derecho privado\" href=\"https:\/\/dogc.gencat.cat\/es\/pdogc_canals_interns\/pdogc_resultats_fitxa\/?action=fitxa&amp;mode=single&amp;documentId=619128&amp;language=es_ES\" target=\"_blank\" rel=\"noopener\">Decreto 135\/2012, de 23 de octubre, por el que se aprueba el Reglamento de la Ley 15\/2009, de 22 de julio, de mediaci\u00f3n en el \u00e1mbito del derecho privado <\/a><\/p>\n<p class=\"datos\">publicado en el Diari Oficial de la Generalitat de Catalunya N\u00fam. 6240 \u2013 25.10.2012<\/p>\n<\/li>\n<li class=\"li\">\n<p class=\"titu\"><a title=\"Ley 15\/2009, de 22 de julio, de mediaci\u00f3n en el \u00e1mbito del derecho privado\" href=\"https:\/\/www.boe.es\/buscar\/act.php?id=BOE-A-2009-13567\" target=\"_blank\" rel=\"noopener\">Ley 15\/2009, de 22 de julio, de mediaci\u00f3n en el \u00e1mbito del derecho privado <\/a><\/p>\n<p class=\"datos\">publicado en BOE n\u00fam. 198, de 17 agosto 2009<\/p>\n<\/li>\n<\/ol>\n<\/div>\n<div class=\"cabeceraListado1\">\n<h3 class=\"titu7\">Comunitat Valenciana<\/h3>\n<\/div>\n<div class=\"divResultados divResultados1\">\n<ol>\n<li class=\"li\">\n<p class=\"titu\"><a title=\"Ley 5\/2011, de 1 de abril, de la Generalitat, de Relaciones Familiares de los hijos e hijas cuyos progenitores no conviven\" href=\"https:\/\/www.docv.gva.es\/datos\/2011\/04\/05\/pdf\/2011_3975.pdf\" target=\"_blank\" rel=\"noopener\">Ley 5\/2011, de 1 de abril, de la Generalitat, de Relaciones Familiares de los hijos e hijas cuyos progenitores no conviven <\/a><\/p>\n<p class=\"datos\">El Tribunal Constitucional tiene suspendida la vigencia de varios art\u00edculos, hasta que se resuelva el recurso de inconstitucionalidad interpuesto por el Gobierno Central.<\/p>\n<\/li>\n<li class=\"li\">\n<p class=\"titu\"><a title=\"Ley 7\/2001, de 26 de noviembre, reguladora de la mediaci\u00f3n familiar, en el \u00e1mbito de la Comunidad Valenciana\" href=\"https:\/\/www.boe.es\/buscar\/doc.php?id=BOE-A-2001-24093\" target=\"_blank\" rel=\"noopener\">Ley 7\/2001, de 26 de noviembre, reguladora de la mediaci\u00f3n familiar, en el \u00e1mbito de la Comunidad Valenciana <\/a><\/p>\n<p class=\"datos\">publicado en BOE n\u00fam. 303, de 19 de diciembre de 2001<\/p>\n<\/li>\n<\/ol>\n<\/div>\n<div class=\"cabeceraListado1\">\n<h3 class=\"titu7\">Galicia<\/h3>\n<\/div>\n<div class=\"divResultados divResultados1\">\n<ol>\n<li class=\"li\">\n<p class=\"titu\"><a title=\"Ley 4\/2001, de 31 de mayo, reguladora de la mediaci\u00f3n familiar\" href=\"https:\/\/www.boe.es\/buscar\/doc.php?id=BOE-A-2001-12716\" target=\"_blank\" rel=\"noopener\">Ley 4\/2001, de 31 de mayo, reguladora de la mediaci\u00f3n familiar <\/a><\/p>\n<p class=\"datos\">publicado en BOE n\u00fam. 157, de 2 julio 2001<\/p>\n<\/li>\n<\/ol>\n<\/div>\n<div class=\"cabeceraListado1\">\n<h3 class=\"titu7\">Illes Baleares<\/h3>\n<\/div>\n<div class=\"divResultados divResultados1\">\n<ol>\n<li class=\"li\">\n<p class=\"titu\"><a title=\"Ley 14\/2010, de 9 de diciembre, de Mediaci\u00f3n Familiar de las Illes Balears\" href=\"https:\/\/www.boe.es\/buscar\/doc.php?id=BOE-A-2011-976\" target=\"_blank\" rel=\"noopener\">Ley 14\/2010, de 9 de diciembre, de Mediaci\u00f3n Familiar de las Illes Balears <\/a><\/p>\n<p class=\"datos\">publicado en el BOE n\u00fam. 16, 19 enero 2011<\/p>\n<\/li>\n<li><a href=\"https:\/\/mediacion.icav.es\/wp-content\/uploads\/2018\/01\/7.1-DECRETO-66-2008-REGLAMENTO-DESARROLLO-LEY-18-2.pdf\" target=\"_blank\" rel=\"noopener\">Decreto 66-2008 Reglamento Desarrollo Ley 18-2<\/a>\n<p class=\"datos\">publicado en el BOIB n\u00fam. 79, 5 junio 2008<\/p>\n<\/li>\n<\/ol>\n<\/div>\n<div class=\"cabeceraListado1\">\n<h3 class=\"titu7\">Madrid<\/h3>\n<\/div>\n<div class=\"divResultados divResultados1\">\n<ol>\n<li class=\"li\">\n<p class=\"titu\"><a title=\"Ley 1\/2007, de 21 de febrero, de Mediaci\u00f3n Familiar de la Comunidad de Madrid\" href=\"https:\/\/www.boe.es\/buscar\/act.php?id=BOE-A-2007-12563\" target=\"_blank\" rel=\"noopener\">Ley 1\/2007, de 21 de febrero, de Mediaci\u00f3n Familiar de la Comunidad de Madrid <\/a><\/p>\n<p class=\"datos\">publicado en BOCM n\u00fam. 54, de 5 de marzo de 2007<\/p>\n<\/li>\n<\/ol>\n<\/div>\n<div class=\"cabeceraListado1\">\n<h3 class=\"titu7\">Pa\u00eds Vasco<\/h3>\n<\/div>\n<div class=\"divResultados divResultados1\">\n<ol>\n<li class=\"li\">\n<p class=\"titu\"><a title=\"Ley 1\/2008, de 8 de febrero, de mediaci\u00f3n familiar\" href=\"https:\/\/www.euskadi.eus\/y22-bopv\/es\/bopv2\/datos\/2008\/02\/0801004a.shtml\" target=\"_blank\" rel=\"noopener\">Ley 1\/2008, de 8 de febrero, de mediaci\u00f3n familiar <\/a><\/p>\n<p class=\"datos\">publicado en BOPV n\u00fam. 2008034, de 18 de febrero de 2008<\/p>\n<\/li>\n<\/ol>\n<h3 class=\"titu7\">Ciudades aut\u00f3nomas de Ceuta y Melilla<\/h3>\n<ol>\n<li>Se rigen por la normativa estatal en materia de Mediaci\u00f3n<\/li>\n<\/ol>\n<\/div>\n","protected":false},"excerpt":{"rendered":"<p>Normativa estatal Ley 4\/2015, de 27 de abril, del Estatuto de la v\u00edctima del delito Ley 4\/2015, de 27 de abril Orden JUS\/746\/2014, de 7 de mayo, por la que se desarrollan los art\u00edculos 14 y 21 del Real Decreto 980\/2013, de 13 de diciembre y se crea el fichero de mediadores e instituciones de [&hellip;]<\/p>\n","protected":false},"author":19,"featured_media":0,"parent":0,"menu_order":0,"comment_status":"closed","ping_status":"closed","template":"","meta":{"footnotes":""},"class_list":["post-138","page","type-page","status-publish","hentry"],"_links":{"self":[{"href":"https:\/\/grupos.unileon.es\/mediacion\/wp-json\/wp\/v2\/pages\/138","targetHints":{"allow":["GET"]}}],"collection":[{"href":"https:\/\/grupos.unileon.es\/mediacion\/wp-json\/wp\/v2\/pages"}],"about":[{"href":"https:\/\/grupos.unileon.es\/mediacion\/wp-json\/wp\/v2\/types\/page"}],"author":[{"embeddable":true,"href":"https:\/\/grupos.unileon.es\/mediacion\/wp-json\/wp\/v2\/users\/19"}],"replies":[{"embeddable":true,"href":"https:\/\/grupos.unileon.es\/mediacion\/wp-json\/wp\/v2\/comments?post=138"}],"version-history":[{"count":18,"href":"https:\/\/grupos.unileon.es\/mediacion\/wp-json\/wp\/v2\/pages\/138\/revisions"}],"predecessor-version":[{"id":302,"href":"https:\/\/grupos.unileon.es\/mediacion\/wp-json\/wp\/v2\/pages\/138\/revisions\/302"}],"wp:attachment":[{"href":"https:\/\/grupos.unileon.es\/mediacion\/wp-json\/wp\/v2\/media?parent=138"}],"curies":[{"name":"wp","href":"https:\/\/api.w.org\/{rel}","templated":true}]}}