{"id":14,"date":"2014-03-05T07:32:16","date_gmt":"2014-03-05T07:32:16","guid":{"rendered":"http:\/\/grupos.unileon.es\/mediacion\/?page_id=14"},"modified":"2023-07-21T10:23:35","modified_gmt":"2023-07-21T10:23:35","slug":"plan-de-estudios","status":"publish","type":"page","link":"https:\/\/grupos.unileon.es\/mediacion\/plan-de-estudios\/","title":{"rendered":"Cursos Realizados"},"content":{"rendered":"<h2 style=\"text-align: center;\">Curso de Experto en Mediaci\u00f3n en Conflictos Familiares (300h)<\/h2>\n<p style=\"text-align: center;\">I PROMOCI\u00d3N. <img loading=\"lazy\" decoding=\"async\" class=\"wp-image-210 alignleft\" src=\"https:\/\/grupos.unileon.es\/mediacion\/files\/2023\/05\/Cartel-Experto-Mediacion-Familiar.jpg\" alt=\"\" width=\"533\" height=\"754\" \/><\/p>\n<h2 style=\"text-align: center;\"><img loading=\"lazy\" decoding=\"async\" class=\"wp-image-186 alignleft\" src=\"https:\/\/grupos.unileon.es\/mediacion\/files\/2022\/09\/Screenshot-2022-09-22-at-18-55-38-FOLLETO-CURSO-DE-MEDIACION-Triptico-Curso-Mediacion-Familiar.pdf.png\" alt=\"\" width=\"535\" height=\"413\" \/><\/h2>\n<p style=\"text-align: center;\">II PROMOCI\u00d3N.<\/p>\n<p style=\"text-align: center;\"><img loading=\"lazy\" decoding=\"async\" class=\" wp-image-213 alignleft\" src=\"https:\/\/grupos.unileon.es\/mediacion\/files\/2023\/05\/Curso-de-experto_page-0001.jpg\" alt=\"\" width=\"504\" height=\"652\" \/><\/p>\n<h2 style=\"text-align: center;\"><\/h2>\n<h2 style=\"text-align: center;\"><\/h2>\n<h2 style=\"text-align: center;\"><\/h2>\n<h2 style=\"text-align: center;\"><\/h2>\n<h2 style=\"text-align: center;\"><\/h2>\n<h2 style=\"text-align: center;\"><\/h2>\n<h2 style=\"text-align: center;\"><\/h2>\n<h2 style=\"text-align: center;\"><\/h2>\n<h2 style=\"text-align: center;\"><\/h2>\n<h2 style=\"text-align: center;\"><\/h2>\n<h2 style=\"text-align: center;\"><\/h2>\n<h2 style=\"text-align: center;\"><\/h2>\n<h2 style=\"text-align: center;\"><\/h2>\n<h2 style=\"text-align: center;\"><\/h2>\n<h2 style=\"text-align: center;\"><\/h2>\n<h2 style=\"text-align: center;\"><\/h2>\n<h2 style=\"text-align: center;\"><\/h2>\n<h2 style=\"text-align: center;\"><\/h2>\n<h2 style=\"text-align: center;\"><\/h2>\n<h2 style=\"text-align: center;\"><\/h2>\n<h2 style=\"text-align: center;\"><\/h2>\n<h2 style=\"text-align: center;\"><\/h2>\n<h2 style=\"text-align: center;\"><\/h2>\n<h2 style=\"text-align: center;\"><\/h2>\n<h2 style=\"text-align: center;\"><\/h2>\n<h2 style=\"text-align: center;\"><\/h2>\n<h2 style=\"text-align: center;\"><\/h2>\n<h2 style=\"text-align: center;\"><\/h2>\n<h2 style=\"text-align: center;\"><\/h2>\n<h2 style=\"text-align: center;\"><\/h2>\n<h2 style=\"text-align: center;\"><\/h2>\n<h2 style=\"text-align: center;\"><\/h2>\n<h2 style=\"text-align: center;\"><\/h2>\n<h2 style=\"text-align: center;\"><\/h2>\n<h2 style=\"text-align: center;\">I PROMOCI\u00d3N.<\/h2>\n<h2 style=\"text-align: center;\">Curso de Especialista en Mediaci\u00f3n en Conflictos Laborales (100h)<\/h2>\n<p style=\"text-align: center;\"><a href=\"https:\/\/grupos.unileon.es\/mediacion\/files\/2023\/07\/I-CURSO-MEDIACION-LABORAL.png\"><img loading=\"lazy\" decoding=\"async\" class=\" wp-image-260 alignleft\" src=\"https:\/\/grupos.unileon.es\/mediacion\/files\/2023\/07\/I-CURSO-MEDIACION-LABORAL-300x213.png\" alt=\"\" width=\"611\" height=\"434\" srcset=\"https:\/\/grupos.unileon.es\/mediacion\/files\/2023\/07\/I-CURSO-MEDIACION-LABORAL-300x213.png 300w, https:\/\/grupos.unileon.es\/mediacion\/files\/2023\/07\/I-CURSO-MEDIACION-LABORAL-1024x727.png 1024w, https:\/\/grupos.unileon.es\/mediacion\/files\/2023\/07\/I-CURSO-MEDIACION-LABORAL-768x545.png 768w, https:\/\/grupos.unileon.es\/mediacion\/files\/2023\/07\/I-CURSO-MEDIACION-LABORAL.png 1156w\" sizes=\"auto, (max-width: 611px) 100vw, 611px\" \/><\/a><\/p>\n<h2 style=\"text-align: center;\"><\/h2>\n<h2 style=\"text-align: center;\"><\/h2>\n<h2 style=\"text-align: center;\"><\/h2>\n<h2 style=\"text-align: center;\"><\/h2>\n<h2 style=\"text-align: center;\"><\/h2>\n<h2 style=\"text-align: center;\"><\/h2>\n<h2 style=\"text-align: center;\"><\/h2>\n<h2 style=\"text-align: center;\"><\/h2>\n<p>&nbsp;<\/p>\n<h2 style=\"text-align: center;\">I PROMOCI\u00d3N<\/h2>\n<h2 style=\"text-align: center;\">Curso de Mediaci\u00f3n Civil y Mercantil &#8211; Mediaci\u00f3n Policial y Penal (100h)<\/h2>\n<p style=\"text-align: center;\"><img decoding=\"async\" class=\"alignleft\" src=\"https:\/\/grupos.unileon.es\/mediacion\/files\/2022\/09\/Curso-Mediacion-Policial.png\" \/><\/p>\n<h2 style=\"text-align: center;\"><\/h2>\n<h2 style=\"text-align: center;\"><\/h2>\n<h2 style=\"text-align: center;\"><\/h2>\n<h2 style=\"text-align: center;\"><\/h2>\n<h2 style=\"text-align: center;\"><\/h2>\n<h2 style=\"text-align: center;\"><\/h2>\n<h2 style=\"text-align: center;\"><\/h2>\n<h2 style=\"text-align: center;\"><\/h2>\n<h2 style=\"text-align: center;\"><\/h2>\n<h2 style=\"text-align: center;\"><\/h2>\n<h2 style=\"text-align: center;\"><\/h2>\n<h2 style=\"text-align: center;\"><\/h2>\n<h2 style=\"text-align: center;\"><\/h2>\n<h2 style=\"text-align: center;\"><\/h2>\n<h2 style=\"text-align: center;\"><\/h2>\n<h2 style=\"text-align: center;\">Congreso Internacional Hispano-Brasile\u00f1o: Hacia una justicia m\u00e1s eficaz (10h)<\/h2>\n<p style=\"text-align: center;\"><img loading=\"lazy\" decoding=\"async\" class=\"wp-image-193 alignleft\" src=\"https:\/\/grupos.unileon.es\/mediacion\/files\/2022\/09\/Congreso-Hispano-Brasileno.jpg\" alt=\"\" width=\"425\" height=\"574\" \/><\/p>\n<h2 style=\"text-align: center;\"><\/h2>\n<h2 style=\"text-align: center;\"><\/h2>\n<h2 style=\"text-align: center;\"><\/h2>\n<h2 style=\"text-align: center;\"><\/h2>\n<h2 style=\"text-align: center;\"><\/h2>\n<h2 style=\"text-align: center;\"><\/h2>\n<h2 style=\"text-align: center;\"><\/h2>\n<h2 style=\"text-align: center;\"><\/h2>\n<h2 style=\"text-align: center;\"><\/h2>\n<h2 style=\"text-align: center;\"><\/h2>\n<h2 style=\"text-align: center;\"><\/h2>\n<h2 style=\"text-align: center;\"><\/h2>\n<h2 style=\"text-align: center;\">Curso de Oratoria y t\u00e9cnicas de comunicaci\u00f3n en Derecho y Mediaci\u00f3n (50h &#8211; 2 ECTS)<\/h2>\n<p style=\"text-align: center;\"><img loading=\"lazy\" decoding=\"async\" class=\"wp-image-195 alignleft\" src=\"https:\/\/grupos.unileon.es\/mediacion\/files\/2022\/09\/Curso-Oratoria-y-Mediacion.png\" alt=\"\" width=\"426\" height=\"602\" \/><\/p>\n<h2 style=\"text-align: center;\"><\/h2>\n<h2 style=\"text-align: center;\"><\/h2>\n<h2 style=\"text-align: center;\"><\/h2>\n<h2 style=\"text-align: center;\"><\/h2>\n<h2 style=\"text-align: center;\"><\/h2>\n<h2 style=\"text-align: center;\"><\/h2>\n<h2 style=\"text-align: center;\"><\/h2>\n<h2 style=\"text-align: center;\"><\/h2>\n<h2 style=\"text-align: center;\"><\/h2>\n<h2 style=\"text-align: center;\"><\/h2>\n<h2 style=\"text-align: center;\"><\/h2>\n<h2 style=\"text-align: center;\"><\/h2>\n<h2 style=\"text-align: center;\">II PROMOCI\u00d3N- FORMACI\u00d3N CONTINUADA.<\/h2>\n<h2 style=\"text-align: center;\">Curso de Mediaci\u00f3n Laboral Formaci\u00f3n Continua 2020- 2021<\/h2>\n<h2 style=\"text-align: center;\">(20 h)<\/h2>\n<p style=\"text-align: center;\"><img loading=\"lazy\" decoding=\"async\" class=\" wp-image-188 alignnone\" src=\"https:\/\/grupos.unileon.es\/mediacion\/files\/2022\/09\/MEDIACION-LABORAL-CARTEL-JORNADAS-DE-MEDIACION-LABORAL2021.png\" alt=\"\" width=\"542\" height=\"383\" \/><\/p>\n<p style=\"text-align: center;\">\n","protected":false},"excerpt":{"rendered":"<p>Curso de Experto en Mediaci\u00f3n en Conflictos Familiares (300h) I PROMOCI\u00d3N. II PROMOCI\u00d3N. I PROMOCI\u00d3N. Curso de Especialista en Mediaci\u00f3n en Conflictos Laborales (100h) &nbsp; I PROMOCI\u00d3N Curso de Mediaci\u00f3n Civil y Mercantil &#8211; Mediaci\u00f3n Policial y Penal (100h) Congreso Internacional Hispano-Brasile\u00f1o: Hacia una justicia m\u00e1s eficaz (10h) Curso de Oratoria y t\u00e9cnicas de comunicaci\u00f3n [&hellip;]<\/p>\n","protected":false},"author":8,"featured_media":0,"parent":0,"menu_order":0,"comment_status":"closed","ping_status":"closed","template":"","meta":{"footnotes":""},"class_list":["post-14","page","type-page","status-publish","hentry"],"_links":{"self":[{"href":"https:\/\/grupos.unileon.es\/mediacion\/wp-json\/wp\/v2\/pages\/14","targetHints":{"allow":["GET"]}}],"collection":[{"href":"https:\/\/grupos.unileon.es\/mediacion\/wp-json\/wp\/v2\/pages"}],"about":[{"href":"https:\/\/grupos.unileon.es\/mediacion\/wp-json\/wp\/v2\/types\/page"}],"author":[{"embeddable":true,"href":"https:\/\/grupos.unileon.es\/mediacion\/wp-json\/wp\/v2\/users\/8"}],"replies":[{"embeddable":true,"href":"https:\/\/grupos.unileon.es\/mediacion\/wp-json\/wp\/v2\/comments?post=14"}],"version-history":[{"count":40,"href":"https:\/\/grupos.unileon.es\/mediacion\/wp-json\/wp\/v2\/pages\/14\/revisions"}],"predecessor-version":[{"id":261,"href":"https:\/\/grupos.unileon.es\/mediacion\/wp-json\/wp\/v2\/pages\/14\/revisions\/261"}],"wp:attachment":[{"href":"https:\/\/grupos.unileon.es\/mediacion\/wp-json\/wp\/v2\/media?parent=14"}],"curies":[{"name":"wp","href":"https:\/\/api.w.org\/{rel}","templated":true}]}}