{"id":8,"date":"2014-03-05T07:30:25","date_gmt":"2014-03-05T07:30:25","guid":{"rendered":"http:\/\/grupos.unileon.es\/mediacion\/?page_id=8"},"modified":"2026-02-27T18:47:20","modified_gmt":"2026-02-27T18:47:20","slug":"presentacion","status":"publish","type":"page","link":"https:\/\/grupos.unileon.es\/mediacion\/presentacion\/","title":{"rendered":"\u00bfQu\u00e9 es la Mediaci\u00f3n?"},"content":{"rendered":"<h1 style=\"text-align: justify;\"><a href=\"http:\/\/grupos.unileon.es\/mediacion\/files\/2014\/03\/LIBRO-MEDIACI\u00d3N-FAMILIAR-GEMA-VALLEJO.jpg\">\u00a0 \u00a0<img loading=\"lazy\" decoding=\"async\" class=\"size-medium wp-image-85\" src=\"http:\/\/grupos.unileon.es\/mediacion\/files\/2014\/03\/LIBRO-MEDIACI\u00d3N-FAMILIAR-GEMA-VALLEJO-200x300.jpg\" alt=\"LIBRO MEDIACI\u00d3N FAMILIAR GEMA VALLEJO\" width=\"200\" height=\"300\" srcset=\"https:\/\/grupos.unileon.es\/mediacion\/files\/2014\/03\/LIBRO-MEDIACI\u00d3N-FAMILIAR-GEMA-VALLEJO-200x300.jpg 200w, https:\/\/grupos.unileon.es\/mediacion\/files\/2014\/03\/LIBRO-MEDIACI\u00d3N-FAMILIAR-GEMA-VALLEJO.jpg 485w\" sizes=\"auto, (max-width: 200px) 100vw, 200px\" \/><\/a><a href=\"https:\/\/grupos.unileon.es\/mediacion\/files\/2026\/02\/9788429021264_0Euo123.jpg\"><img loading=\"lazy\" decoding=\"async\" class=\"size-medium wp-image-291 alignleft\" src=\"https:\/\/grupos.unileon.es\/mediacion\/files\/2026\/02\/9788429021264_0Euo123-212x300.jpg\" alt=\"\" width=\"212\" height=\"300\" srcset=\"https:\/\/grupos.unileon.es\/mediacion\/files\/2026\/02\/9788429021264_0Euo123-212x300.jpg 212w, https:\/\/grupos.unileon.es\/mediacion\/files\/2026\/02\/9788429021264_0Euo123.jpg 495w\" sizes=\"auto, (max-width: 212px) 100vw, 212px\" \/><\/a> \u00a0 <a href=\"https:\/\/grupos.unileon.es\/mediacion\/files\/2026\/02\/978-84-9090-619-4.jpeg\"><img loading=\"lazy\" decoding=\"async\" class=\"size-full wp-image-292\" src=\"https:\/\/grupos.unileon.es\/mediacion\/files\/2026\/02\/978-84-9090-619-4.jpeg\" alt=\"\" width=\"216\" height=\"300\" \/><\/a><\/h1>\n<div>\n<p style=\"text-align: justify;\">Los distintos conceptos de Mediaci\u00f3n que encontramos tanto en la legislaci\u00f3n europea y estatal como en las diversas normas auton\u00f3micas son el reflejo de la juventud de esta instituci\u00f3n, que a la vez se ha mostrado ya como un instrumento eficaz y adecuado en los conflictos familiares, tanto desde el punto de vista de la prevenci\u00f3n de los mismos, como de su resoluci\u00f3n, lo que ha llevado a integrar la mediaci\u00f3n familiar en los servicios Sociales de las diversas Comunidades Aut\u00f3nomas, en coordinaci\u00f3n con otros sistemas de protecci\u00f3n social a la familia.<\/p>\n<p style=\"text-align: justify;\">La ley 1\/2006 de mediaci\u00f3n familiar de Castilla y Le\u00f3n define la Mediaci\u00f3n familiar como\u00a0 <em>la intervenci\u00f3n profesional en conflictos familiares realizada por una persona mediadora cualificada, neutral e imparcial, con el fin de crear entre las partes en conflicto un marco de comunicaci\u00f3n que les facilite gestionar sus problemas de forma no contenciosa<\/em><a href=\"#_ftn1\" name=\"_ftnref1\">[1]<\/a>.<\/p>\n<p style=\"text-align: justify;\">La\u00a0 Ley 5\/2012 de mediaci\u00f3n en asuntos civiles y mercantiles, define la Mediaci\u00f3n como <em>el medio de soluci\u00f3n de controversias, cualquiera que sea su denominaci\u00f3n, en que dos o m\u00e1s partes intentan voluntariamente alcanzar por s\u00ed mismas un acuerdo con la intervenci\u00f3n de un mediador<\/em><a href=\"#_ftn2\" name=\"_ftnref2\">[2]<\/a>.<\/p>\n<p style=\"text-align: justify;\">A pesar de que, como hemos dicho, hay gran variedad de definiciones de la Mediaci\u00f3n en las distintas disposiciones auton\u00f3micas, en todas ellas se considera que la mediaci\u00f3n constituye un instrumento de paz social, en el que las partes emprenden un camino de aproximaci\u00f3n en el que desempe\u00f1an un papel activo, al tratar de descubrir la soluci\u00f3n que m\u00e1s les conviene. Una vez resuelto el conflicto, este enfoque consensual incrementa para las partes la posibilidad de mantenimiento de las relaciones.<\/p>\n<p style=\"text-align: justify;\">La Mediaci\u00f3n, por sus caracter\u00edsticas de voluntariedad, imparcialidad, neutralidad y confidencialidad\u00a0 (a las que luego haremos referencia) abre nuevas v\u00edas como medio de recomposici\u00f3n \u00e1gil y flexible de discordias y posibilita solventar, con soluciones apropiadas, la problem\u00e1tica que surge en el \u00e1mbito de las relaciones familiares con motivo del conflicto.<\/p>\n<p style=\"text-align: justify;\">A trav\u00e9s de la Mediaci\u00f3n las partes participan directamente en la b\u00fasqueda de soluciones a los conflictos familiares que les afectan, lo que favorece la comunicaci\u00f3n entre los miembros de la familia, a la vez que reduce tanto la conflictividad entre las partes como el tiempo necesario para su resoluci\u00f3n.<\/p>\n<p style=\"text-align: justify;\">De las definiciones de mediaci\u00f3n recogidas en las distintas leyes auton\u00f3micas, destacamos el de la legislaci\u00f3n aut\u00f3noma vasca que la define en el art\u00edculo 1.2. de la Ley 1\/2008 de Mediaci\u00f3n Familiar del Pa\u00eds Vasco como <em>un procedimiento voluntario en el que uno o m\u00e1s profesionales con cualificaci\u00f3n en mediaci\u00f3n, imparciales y sin poder decisorio, ayudan y orientan a las partes en cuanto al procedimiento dialogado necesario para encontrar soluciones aceptables que permitan concluir su conflicto familia<\/em><a href=\"#_ftn3\" name=\"_ftnref3\">[3]<\/a>.<\/p>\n<p style=\"text-align: justify;\">La Mediaci\u00f3n, es por tanto, un procedimiento en el que una tercera persona imparcial y experta, ayuda a las partes a alcanzar por s\u00ed mismas soluciones amistosas a sus conflictos. El profesional o la persona mediadora no adopta ninguna decisi\u00f3n por s\u00ed misma, sino que son las partes quienes deciden y alcanzan o no acuerdos sobre el conflicto que mantienen. La persona mediadora familiar interviene por tanto, por iniciativa de las partes, a efectos de posibilitar la apertura de v\u00edas de comunicaci\u00f3n entre ellas, proporcion\u00e1ndoles, a este fin, un procedimiento que permita alcanzar soluciones satisfactorias para sus situaciones de conflicto familiar sin necesidad, por tanto, de atribuirle facultades decisorias o dirimentes<a href=\"#_ftn4\" name=\"_ftnref4\">[4]<\/a>.<\/p>\n<p style=\"text-align: justify;\">La Mediaci\u00f3n Familiar supone por tanto poner a disposici\u00f3n de los ciudadanos un procedimiento de resoluci\u00f3n de conflictos que es voluntario, \u00e1gil, flexible, econ\u00f3mico, pr\u00e1ctico y adecuado, y que puede en buena medida contribuir a desjudicializar nuestra sociedad.<\/p>\n<p style=\"text-align: justify;\">La Mediaci\u00f3n permite dotar a la sociedad de un instrumento eficaz para la resoluci\u00f3n de las controversias cuando \u00e9stas afecten a derechos subjetivos de car\u00e1cter disponible.<\/p>\n<p style=\"text-align: justify;\">El procedimiento de Mediaci\u00f3n regulado en la Ley 5\/2012 de Mediaci\u00f3n en Asuntos Civiles y Mercantiles conforma un r\u00e9gimen general aplicable a toda mediaci\u00f3n que tenga lugar en Espa\u00f1a y pretenda tener un efecto jur\u00eddico vinculante, si bien circunscrita al \u00e1mbito de los asuntos civiles y mercantiles, con expresa exclusi\u00f3n de la mediaci\u00f3n penal, la laboral, la de consumo y con las Administraciones P\u00fablicas<a href=\"#_ftn5\" name=\"_ftnref5\">[5]<\/a>. Las exclusiones previstas\u00a0 en la presente norma no lo son para limitar la mediaci\u00f3n en los \u00e1mbitos a que se refiere sino para reservar su regulaci\u00f3n a las normas sectoriales correspondientes.<\/p>\n<p style=\"text-align: justify;\">El procedimiento de Mediaci\u00f3n Familiar regulado en la Ley 1\/2006 conforma un r\u00e9gimen espec\u00edfico aplicable a los conflictos familiares en sentido amplio, es decir, no solo los relativos a los matrimonios o uniones de hecho, sino tambi\u00e9n los que se pueden producir entre parientes con capacidad de obrar, teniendo en cuenta siempre la protecci\u00f3n de los intereses de los menores, de las personas con discapacidad y de las personas mayores dependientes<a href=\"#_ftn6\" name=\"_ftnref6\">[6]<\/a>.<\/p>\n<p style=\"text-align: justify;\"><strong>\u00a0Notas a pie de p\u00e1gina:<\/strong><\/p>\n<p style=\"text-align: justify;\"><a href=\"#_ftnref1\" name=\"_ftn1\">[1]<\/a> Ley 1\/2006 de 6 de Abril de mediaci\u00f3n familiar de Castilla y Le\u00f3n. Art\u00edculo 1.<\/p>\n<p style=\"text-align: justify;\"><a href=\"#_ftnref2\" name=\"_ftn2\">[2]<\/a> Ley 5\/2012, de 6 de Julio de Mediaci\u00f3n en Asuntos Civiles y Mercantiles. Art\u00edculo 1.<\/p>\n<p style=\"text-align: justify;\"><a href=\"#_ftnref3\" name=\"_ftn3\">[3]<\/a> Ley 1\/2008 de Mediaci\u00f3n Familiar del Pa\u00eds Vasco. Art. 1.2<\/p>\n<p style=\"text-align: justify;\"><a href=\"#_ftnref4\" name=\"_ftn4\">[4]<\/a> Ley 1\/2008 de Mediaci\u00f3n Familiar del Pa\u00eds Vasco. Exposici\u00f3n de Motivos.<\/p>\n<p style=\"text-align: justify;\"><a href=\"#_ftnref5\" name=\"_ftn5\">[5]<\/a> Art\u00edculo 2 de la Ley 5\/2012: <em>\u00c1mbito de Aplicaci\u00f3n. 1. Esta Ley es de aplicaci\u00f3n a las mediaciones en asuntos civiles o mercantiles, incluidos los conflictos transfronterizos, siempre que no afecten a derechos y obligaciones que no est\u00e9n a disposici\u00f3n de las partes en virtud de legislaci\u00f3n aplicable. En defecto de sometimiento expreso o t\u00e1cito a esta Ley, la misma ser\u00e1 aplicable cuando, al menos, una de las partes tenga su domicilio en Espa\u00f1a y la mediaci\u00f3n se realice en territorio espa\u00f1ol. 2. Quedan excluidas, en todo caso, del \u00e1mbito de aplicaci\u00f3n de esta Ley: a) la mediaci\u00f3n penal; b) la mediaci\u00f3n<\/em> <em>con las Administraciones p\u00fablicas. c) la mediaci\u00f3n laboral. d) la mediaci\u00f3n en materia de consumo.<\/em><\/p>\n<p style=\"text-align: justify;\"><a href=\"#_ftnref6\" name=\"_ftn6\">[6]<\/a> Ley1\/2006. Art. 3. Conflictos objeto de mediaci\u00f3n familiar. Las situaciones en las que cabe la aplicaci\u00f3n de la mediaci\u00f3n familiar regulada en la presente Ley ser\u00e1n las siguientes: A) Personas unidas por v\u00ednculo matrimonial\u2026B) Personas que forman una uni\u00f3n de hecho\u2026;C) Personas con hijos no incluidas en los apartados anteriores, para promover que encuentren soluciones satisfactorias a los conflictos familiares que surjan respecto a sus hijos\u2026;D) Otros conflictos familiares surgidos entre las personas incluidas en los apartados anteriores o entre cualesquiera otras personas con capacidad de obrar que tengan entre s\u00ed cualquier relaci\u00f3n de parentesco, en los que el procedimiento de mediaci\u00f3n sirva para prevenir, simplificar, o poner fin al litigio judicial.<\/p>\n<p>&nbsp;<\/p>\n<p style=\"text-align: justify;\"><strong>CURSOS REALIZADOS DE LA ULE<\/strong><\/p>\n<p style=\"text-align: justify;\">La Facultad de Derecho y la Facultad de Relaciones Laborales de la Universidad de Le\u00f3n han realizado dos promociones de \u00abCurso de Experto en Mediaci\u00f3n de Conflictos Familiares\u00bb que han sido impartidos desde los\u00a0pasados Cursos 2011\/20132 y 2013\/2014.<\/p>\n<p style=\"text-align: justify;\">Se trata de un T\u00edtulo Propio de la Universidad de Le\u00f3n, para el que se ha solicitado la correspondiente acreditaci\u00f3n por la Junta De Castilla y Le\u00f3n, que ya lo ha acreditado para la I y II promoci\u00f3n.<\/p>\n<p style=\"text-align: justify;\">Se encuentra estructurado en un curso presencial con una duraci\u00f3n de 300 horas. El contenido del Curso recoge las exigencias de la legislaci\u00f3n auton\u00f3mica y estatal en materia de mediaci\u00f3n familiar.<\/p>\n<p style=\"text-align: justify;\">El Curso de Experto en Mediaci\u00f3n de Conflictos Familiares se imparte en el edificio de las Facultades de Derecho y\u00a0Ciencias del Trabajo, sito en el Campus de Vegazana, en horario de tarde (de 16:00 a 20:00 hs.) los jueves y viernes.<\/p>\n<p style=\"text-align: justify;\">Las Directoras del Curso son las\u00a0 Profesoras Dras. D\u00aa Helena D\u00edez Garc\u00eda y D\u00aa Gema Vallejo P\u00e9rez.<\/p>\n<div style=\"text-align: justify;\">\n<p><strong>\u00a0\u00bfQu\u00e9 competencias se adquieren?<\/strong><\/p>\n<\/div>\n<p style=\"text-align: justify;\">El Curso de Experto en Mediaci\u00f3n de Conflictos Familiares tiene como objetivo formativo general proporcionar a los alumnos una preparaci\u00f3n integral, que incluya aspectos te\u00f3ricos y, sobre todo pr\u00e1cticos, del conjunto de elementos que integran la Mediaci\u00f3n Familiar y, en consecuencia, les permitan desarrollar en su futuro profesional la pr\u00e1ctica de la mediaci\u00f3n familiar.<\/p>\n<div style=\"text-align: justify;\">\n<p><strong>Salidas profesionales<\/strong><\/p>\n<\/div>\n<p style=\"text-align: justify;\">El Curso de Experto en Mediaci\u00f3n de Conflictos Familiares ofrece una formaci\u00f3n avanzada y especializada en la materia, que capacita al futuro titulado para el ejercicio de, entre otras, las siguientes actividades profesionales:<\/p>\n<ul style=\"list-style-type: circle;\">\n<li style=\"text-align: justify;\">Ejercicio de la profesi\u00f3n libre, como mediador\/a familiar.<\/li>\n<li style=\"text-align: justify;\">Prestaci\u00f3n de servicios en Centros de Atenci\u00f3n a la Familia, Unidades de Mediaci\u00f3n Familiar Intrajudicial, y Centros P\u00fablicos de Mediaci\u00f3n Familiar.<\/li>\n<\/ul>\n<div style=\"text-align: justify;\">\n<p><strong>Destinatarios<\/strong><\/p>\n<\/div>\n<p style=\"text-align: justify;\">Integrado en el segundo ciclo de las ense\u00f1anzas universitarias, el Curso de Experto en Mediaci\u00f3n de Conflictos Familiares est\u00e1 especialmente orientado a quienes procedan de las licenciaturas y grados en Derecho, Ciencias del Trabajo, Relaciones Laborales y Recursos Humanos, Psicolog\u00eda, Pedagog\u00eda, Graduados Sociales, Diplomados en Relaciones Laborales, Psicopedagog\u00eda, as\u00ed como otras profesiones relacionadas con el \u00e1mbito familiar. Tambi\u00e9n ser\u00e1 de gran utilidad para aquellos profesionales del sector que deseen ampliar su formaci\u00f3n o reciclar y actualizar conocimientos.<\/p>\n<p style=\"text-align: justify;\">Para m\u00e1s informaci\u00f3n sobre estos estudios universitarios oficiales de posgrado de la Universidad de Le\u00f3n puedes dirigirte a:<\/p>\n<p style=\"text-align: justify;\"><b>&#8211; UNIDAD DE POSGRADO<\/b><\/p>\n<p style=\"text-align: justify;\"><b>Lugar:<\/b> Estudios de Posgrado.<\/p>\n<p style=\"text-align: justify;\">Edificio Gesti\u00f3n Acad\u00e9mica.<\/p>\n<p style=\"text-align: justify;\">Campus de Vegazana. 24071 Le\u00f3n<\/p>\n<p style=\"text-align: justify;\"><b>Tel\u00e9fono:<\/b> 987 29 16 96 y 987 29 34 63<\/p>\n<p style=\"text-align: justify;\"><b>Correo electr\u00f3nico<\/b>: <a href=\"mailto:posgrado@unileon.es\">posgrado@unileon.es<\/a><\/p>\n<p style=\"text-align: justify;\"><b>Documentaci\u00f3n<\/b>: Al realizar la inscripci\u00f3n deber\u00e1 acompa\u00f1ar: T\u00edtulo Universitario y Expediente Acad\u00e9mico.<\/p>\n<p style=\"text-align: justify;\">\n<\/div>\n<p>&nbsp;<\/p>\n<p>&nbsp;<\/p>\n","protected":false},"excerpt":{"rendered":"<p>\u00a0 \u00a0 \u00a0 Los distintos conceptos de Mediaci\u00f3n que encontramos tanto en la legislaci\u00f3n europea y estatal como en las diversas normas auton\u00f3micas son el reflejo de la juventud de esta instituci\u00f3n, que a la vez se ha mostrado ya como un instrumento eficaz y adecuado en los conflictos familiares, tanto desde el punto de [&hellip;]<\/p>\n","protected":false},"author":8,"featured_media":0,"parent":0,"menu_order":0,"comment_status":"closed","ping_status":"closed","template":"","meta":{"footnotes":""},"class_list":["post-8","page","type-page","status-publish","hentry"],"_links":{"self":[{"href":"https:\/\/grupos.unileon.es\/mediacion\/wp-json\/wp\/v2\/pages\/8","targetHints":{"allow":["GET"]}}],"collection":[{"href":"https:\/\/grupos.unileon.es\/mediacion\/wp-json\/wp\/v2\/pages"}],"about":[{"href":"https:\/\/grupos.unileon.es\/mediacion\/wp-json\/wp\/v2\/types\/page"}],"author":[{"embeddable":true,"href":"https:\/\/grupos.unileon.es\/mediacion\/wp-json\/wp\/v2\/users\/8"}],"replies":[{"embeddable":true,"href":"https:\/\/grupos.unileon.es\/mediacion\/wp-json\/wp\/v2\/comments?post=8"}],"version-history":[{"count":26,"href":"https:\/\/grupos.unileon.es\/mediacion\/wp-json\/wp\/v2\/pages\/8\/revisions"}],"predecessor-version":[{"id":312,"href":"https:\/\/grupos.unileon.es\/mediacion\/wp-json\/wp\/v2\/pages\/8\/revisions\/312"}],"wp:attachment":[{"href":"https:\/\/grupos.unileon.es\/mediacion\/wp-json\/wp\/v2\/media?parent=8"}],"curies":[{"name":"wp","href":"https:\/\/api.w.org\/{rel}","templated":true}]}}