{"id":132,"date":"2017-09-27T10:36:36","date_gmt":"2017-09-27T10:36:36","guid":{"rendered":"http:\/\/grupos.unileon.es\/xxix-jornadas-augac\/?page_id=132"},"modified":"2023-04-18T07:05:54","modified_gmt":"2023-04-18T07:05:54","slug":"saluda-del-rector","status":"publish","type":"page","link":"https:\/\/grupos.unileon.es\/xxx-jornadas-augac\/saluda-del-rector\/","title":{"rendered":"Saluda de la Vicerrectora del Campus de Ponferrada"},"content":{"rendered":"<p><img loading=\"lazy\" decoding=\"async\" class=\"alignleft wp-image-235\" src=\"https:\/\/grupos.unileon.es\/xxx-jornadas-augac\/files\/2023\/04\/Pilar_Marques_Sanchez.jpg\" alt=\"\" width=\"500\" height=\"500\" \/><\/p>\n<p style=\"font-size: 14pt;\">Me complace dedicar estas l\u00edneas a los representantes de AUGAC (Asociaci\u00f3n de Gabinetes de Prensa de las Universidades y Centros de Investigaci\u00f3n de Espa\u00f1a) que van a celebrar en el Campus de Ponferrada de la Universidad de Le\u00f3n sus jornadas formativas entre los d\u00edas 25 y 27 de mayo de 2023.<\/p>\n<p style=\"font-size: 14pt;\">Se trata de la XXXIII edici\u00f3n, cifra que pone de manifiesto una larga trayectoria de encuentros entre los profesionales de la comunicaci\u00f3n de las universidades, encaminados al intercambio de experiencias, proyectos e ideas.<\/p>\n<p style=\"font-size: 14pt;\">Quiz\u00e1s est\u00e9 infravalorada la capacidad de las universidades para comunicar. Les aseguro que no es mi caso. \u00bfQu\u00e9 hubi\u00e9ramos hecho sin esa comunicaci\u00f3n en un escenario tan dr\u00e1stico como el de la pandemia?. De repente, solo est\u00e1bamos conectados a trav\u00e9s de la comunicaci\u00f3n, y el &#8216;alma&#8217; puesta en cada noticia por los gabinetes de comunicaci\u00f3n fue clave no s\u00f3lo para evitar la &#8216;depresi\u00f3n&#8217; universitaria, sino para dotar de apoyo, de aliento, y de un soporte institucional que se convirti\u00f3 en un soporte personal. <\/p>\n<p style=\"font-size: 14pt;\">Conseguisteis que la comunidad universitaria siguiera con unas rutinas abri\u00e9ndose incluso a que focos, c\u00e1maras y micros entraran en las casas. Este fue un momento para no olvidar, donde los gabinetes comunicabais, y os convert\u00edais en servicio esencial.<\/p>\n<p style=\"font-size: 14pt;\">En el caso del Campus de Ponferrada, la comunicaci\u00f3n institucional ha sido el estandarte para posicionar un campus casi invisible, en un campus perif\u00e9rico puesto como ejemplo por el Ministro de Universidades y Su Majestad El Rey. El gabinete de comunicaci\u00f3n de la Universidad de Le\u00f3n supo y quiso estar en todo un proyecto de &#8216;reanimaci\u00f3n&#8217; del campus durante su XXV Aniversario. Sobran las palabras, porque ah\u00ed est\u00e1 la comunicaci\u00f3n hecha, el trabajo exquisito, riguroso y profesional.<\/p>\n<p style=\"font-size: 14pt;\">No puedo, por menos que agradecer al equipo de comunicaci\u00f3n, y en especial a Carlos Vicente Rubio, siempre atento y expectante con nuestro Campus. Veo este gui\u00f1o con este evento, y espero que el Campus de Ponferrada y las gentes de Ponferrada dejen huella en ustedes como lo hacen en cualquier visitante o profesional que, con curiosidad, se acerca y queda prendado de los colores y aromas del Bierzo.<\/p>\n<p style=\"font-size: 14pt;\">Disfruten, y aqu\u00ed tienen su casa para comunicar.<\/p>\n<p style=\"font-size: 14pt;\"><strong>M\u00aa Pilar MARQU\u00c9S S\u00c1NCHEZ<\/strong><\/p>\n<p style=\"font-size: 14pt;\"><strong>Vicerrectora del Campus de Ponferrada de la Universidad de Le\u00f3n<\/strong><\/p>\n","protected":false},"excerpt":{"rendered":"<p>Me complace dedicar estas l\u00edneas a los representantes de AUGAC (Asociaci\u00f3n de Gabinetes de Prensa de las Universidades y Centros de Investigaci\u00f3n de Espa\u00f1a) que van a celebrar en el Campus de Ponferrada de la Universidad de Le\u00f3n sus jornadas formativas entre los d\u00edas 25 y 27 de mayo de 2023. Se trata de la [&hellip;]<\/p>\n","protected":false},"author":50,"featured_media":0,"parent":0,"menu_order":0,"comment_status":"closed","ping_status":"closed","template":"","meta":{"footnotes":""},"class_list":["post-132","page","type-page","status-publish","hentry"],"_links":{"self":[{"href":"https:\/\/grupos.unileon.es\/xxx-jornadas-augac\/wp-json\/wp\/v2\/pages\/132","targetHints":{"allow":["GET"]}}],"collection":[{"href":"https:\/\/grupos.unileon.es\/xxx-jornadas-augac\/wp-json\/wp\/v2\/pages"}],"about":[{"href":"https:\/\/grupos.unileon.es\/xxx-jornadas-augac\/wp-json\/wp\/v2\/types\/page"}],"author":[{"embeddable":true,"href":"https:\/\/grupos.unileon.es\/xxx-jornadas-augac\/wp-json\/wp\/v2\/users\/50"}],"replies":[{"embeddable":true,"href":"https:\/\/grupos.unileon.es\/xxx-jornadas-augac\/wp-json\/wp\/v2\/comments?post=132"}],"version-history":[{"count":19,"href":"https:\/\/grupos.unileon.es\/xxx-jornadas-augac\/wp-json\/wp\/v2\/pages\/132\/revisions"}],"predecessor-version":[{"id":353,"href":"https:\/\/grupos.unileon.es\/xxx-jornadas-augac\/wp-json\/wp\/v2\/pages\/132\/revisions\/353"}],"wp:attachment":[{"href":"https:\/\/grupos.unileon.es\/xxx-jornadas-augac\/wp-json\/wp\/v2\/media?parent=132"}],"curies":[{"name":"wp","href":"https:\/\/api.w.org\/{rel}","templated":true}]}}