{"id":25,"date":"2017-07-26T09:35:22","date_gmt":"2017-07-26T09:35:22","guid":{"rendered":"http:\/\/grupos.unileon.es\/xxix-jornadas-augac\/?page_id=25"},"modified":"2023-04-12T17:04:25","modified_gmt":"2023-04-12T17:04:25","slug":"informacion-de-leon-provincia","status":"publish","type":"page","link":"https:\/\/grupos.unileon.es\/xxx-jornadas-augac\/informacion-de-leon-provincia\/","title":{"rendered":"Informaci\u00f3n sobre Le\u00f3n y la comarca de El Bierzo"},"content":{"rendered":"<p><span style=\"font-size: 14pt;\">Le\u00f3n, cruce de rutas y caminos, tiene un formidable patrimonio hist\u00f3rico fruto de la sucesi\u00f3n de gentes que pisaron estas tierras. Astures, romanos, suevos, visigodos, \u00e1rabes, reinos cristianos&#8230; todos contribuyeron a escribir una historia cuyas huellas son palpables en el car\u00e1cter de sus actuales habitantes y en los monumentos que embellecen la provincia.<\/span><\/p>\n<p><span style=\"font-size: 14pt;\">Cada rinc\u00f3n incita a recorrer una ruta a trav\u00e9s de los tiempos. En ella descubriremos el patrimonio art\u00edstico y cultural que ha depositado la historia en las tierras leonesas, desde los primeros pobladores a las manifestaciones mas vanguardistas del siglo XXI.<\/span><\/p>\n<p><span style=\"font-size: 14pt;\"><em>En el siguiente <a href=\"http:\/\/www.turisleon.com\"><strong>ENLACE<\/strong><\/a> encontrar\u00e1s m\u00e1s informaci\u00f3n de Le\u00f3n.<\/em><\/span><\/p>\n<p><span style=\"font-size: 18pt;\"><strong>La comarca de El Bierzo<\/strong><\/span><\/p>\n<p><span style=\"font-size: 14pt;\">Est\u00e1 compuesta de treinta y ocho municipios,<sup id=\"cite_ref-COM_3-0\" class=\"reference separada\"><\/sup>\u200b conformada en 1991 a partir de la regi\u00f3n natural espa\u00f1ola del mismo nombre situada en el tercio occidental de la provincia de Le\u00f3n, en la comunidad aut\u00f3noma de Castilla y Le\u00f3n. El castellano es la lengua oficial y de uso m\u00e1s extendido, aunque tambi\u00e9n se habla, en menor medida, el gallego y el leon\u00e9s, cuya hibridaci\u00f3n ha dado lugar a un dialecto berciano con diversas variaciones locales.<sup id=\"cite_ref-limites_7-0\" class=\"reference separada\"><\/sup>\u200b<\/span><\/p>\n<p><span style=\"font-size: 14pt;\">Disfruta de un microclima mediterr\u00e1neo suave, resultado de la combinaci\u00f3n del clima atl\u00e1ntico y del mediterr\u00e1neo continental. La pluviometr\u00eda media anual no alcanza los 730 mm y la temperatura media es de 12,3 \u00b0C.<\/span><\/p>\n<p><span style=\"font-size: 14pt;\">La actividad econ\u00f3mica se centr\u00f3 durante los primeros a\u00f1os de siglo XX en la miner\u00eda, la industria sider\u00fargica y la generaci\u00f3n de energ\u00eda. La \u00faltima mina de carb\u00f3n en El Bierzo cerr\u00f3 en el a\u00f1o 2018. El sector agroalimentario, con producci\u00f3n de frutas, verduras, vinos y otros productos inscritos en la denominaci\u00f3n de origen Bierzo, es en este momento uno de los principales motores econ\u00f3micos de la comarca.<\/span><\/p>\n<p><span style=\"font-size: 14pt;\">Embutidos, carnes y pescados, legumbres, frutas, queso, hortalizas y dulces componen productos a los que se une la gran calidad y el saber hacer de los fogones. Cabe citar tantos platos como zonas, extensos y suculentos. Es tierra de vinos y variados productos merecedores del sello de Denominaci\u00f3n de Origen, Indicaci\u00f3n Geogr\u00e1fica Protegida y Marca de Calidad.<\/span><\/p>\n<p><em><span style=\"font-size: 14pt;\">En el siguiente <a href=\"https:\/\/www.turismodelbierzo.es\/\"><strong>ENLACE<\/strong><\/a> \u00a0<\/span>podr\u00e1s descubrir m\u00e1s cosas de El Bierzo.<\/em><\/p>\n<p><a href=\"http:\/\/grupos.unileon.es\/xxix-jornadas-augac\/files\/2017\/09\/M\u00e9dulas.jpg\"><img decoding=\"async\" class=\"alignright size-full wp-image-158\" src=\"http:\/\/grupos.unileon.es\/xxix-jornadas-augac\/files\/2017\/09\/M\u00e9dulas.jpg\" alt=\"\" width=\"600\" srcset=\"https:\/\/grupos.unileon.es\/xxx-jornadas-augac\/files\/2017\/09\/M\u00e9dulas.jpg 800w, https:\/\/grupos.unileon.es\/xxx-jornadas-augac\/files\/2017\/09\/M\u00e9dulas-300x201.jpg 300w, https:\/\/grupos.unileon.es\/xxx-jornadas-augac\/files\/2017\/09\/M\u00e9dulas-768x515.jpg 768w\" sizes=\"(max-width: 800px) 100vw, 800px\" \/><\/a><\/p>\n","protected":false},"excerpt":{"rendered":"<p>Le\u00f3n, cruce de rutas y caminos, tiene un formidable patrimonio hist\u00f3rico fruto de la sucesi\u00f3n de gentes que pisaron estas tierras. Astures, romanos, suevos, visigodos, \u00e1rabes, reinos cristianos&#8230; todos contribuyeron a escribir una historia cuyas huellas son palpables en el car\u00e1cter de sus actuales habitantes y en los monumentos que embellecen la provincia. Cada rinc\u00f3n [&hellip;]<\/p>\n","protected":false},"author":50,"featured_media":0,"parent":0,"menu_order":0,"comment_status":"closed","ping_status":"closed","template":"","meta":{"footnotes":""},"class_list":["post-25","page","type-page","status-publish","hentry"],"_links":{"self":[{"href":"https:\/\/grupos.unileon.es\/xxx-jornadas-augac\/wp-json\/wp\/v2\/pages\/25","targetHints":{"allow":["GET"]}}],"collection":[{"href":"https:\/\/grupos.unileon.es\/xxx-jornadas-augac\/wp-json\/wp\/v2\/pages"}],"about":[{"href":"https:\/\/grupos.unileon.es\/xxx-jornadas-augac\/wp-json\/wp\/v2\/types\/page"}],"author":[{"embeddable":true,"href":"https:\/\/grupos.unileon.es\/xxx-jornadas-augac\/wp-json\/wp\/v2\/users\/50"}],"replies":[{"embeddable":true,"href":"https:\/\/grupos.unileon.es\/xxx-jornadas-augac\/wp-json\/wp\/v2\/comments?post=25"}],"version-history":[{"count":13,"href":"https:\/\/grupos.unileon.es\/xxx-jornadas-augac\/wp-json\/wp\/v2\/pages\/25\/revisions"}],"predecessor-version":[{"id":227,"href":"https:\/\/grupos.unileon.es\/xxx-jornadas-augac\/wp-json\/wp\/v2\/pages\/25\/revisions\/227"}],"wp:attachment":[{"href":"https:\/\/grupos.unileon.es\/xxx-jornadas-augac\/wp-json\/wp\/v2\/media?parent=25"}],"curies":[{"name":"wp","href":"https:\/\/api.w.org\/{rel}","templated":true}]}}