{"id":42,"date":"2017-09-25T09:56:40","date_gmt":"2017-09-25T09:56:40","guid":{"rendered":"http:\/\/grupos.unileon.es\/xxix-jornadas-augac\/?page_id=42"},"modified":"2023-04-16T18:09:14","modified_gmt":"2023-04-16T18:09:14","slug":"presentacion","status":"publish","type":"page","link":"https:\/\/grupos.unileon.es\/xxx-jornadas-augac\/presentacion\/","title":{"rendered":"Presentaci\u00f3n"},"content":{"rendered":"<p><img loading=\"lazy\" decoding=\"async\" class=\"alignnone wp-image-277\" src=\"https:\/\/grupos.unileon.es\/xxx-jornadas-augac\/files\/2023\/04\/Ponferrada.jpg\" alt=\"\" width=\"600\" height=\"219\" \/><\/p>\n<p><span style=\"font-size: 14pt;\">En los \u00faltimos tiempos es frecuente escuchar la expresi\u00f3n <strong>\u2018la Espa\u00f1a vaciada\u2019<\/strong>, que hace referencia a la tendencia de la poblaci\u00f3n a concentrarse en las ciudades, capitales de provincia y grandes urbes. El campo, las peque\u00f1as poblaciones y las zonas rurales pierden habitantes y con ello empresas, actividad comercial y servicios de todo tipo (sanidad, educaci\u00f3n, etc\u00e9tera), y se van quedando irremediablemente atr\u00e1s.<\/span><\/p>\n<p><span style=\"font-size: 14pt;\">Fue en el siglo XIX cuando comenz\u00f3 la industrializaci\u00f3n del pa\u00eds, y se produjo el primer \u00e9xodo rural hacia las ciudades. En la actualidad, la din\u00e1mica demogr\u00e1fica sigue registrando esta misma tendencia, y cada vez son m\u00e1s las zonas al borde de convertirse en \u2018vaciadas\u2019.<\/span><\/p>\n<p><span style=\"font-size: 14pt;\">Es interesante apuntar que entre 1975 y 2021 la poblaci\u00f3n espa\u00f1ola aument\u00f3 un 38% (de 34 a 47 millones de habitantes), y sin embargo 17 provincias perdieron poblaci\u00f3n. Los datos que ofrece el Instituto Nacional de Estad\u00edstica (INE) se\u00f1alan que <strong>el 80% de la poblaci\u00f3n espa\u00f1ola se concentra en n\u00facleos urbanos de m\u00e1s de 10.000 habitantes<\/strong>. Un 40,1% reside en s\u00f3lo 63 ciudades, mientras que hay 3.400 municipios en riesgo extremo de despoblaci\u00f3n.<\/span><\/p>\n<p><span style=\"font-size: 14pt;\"><img loading=\"lazy\" decoding=\"async\" class=\"alignnone size-full wp-image-282\" src=\"https:\/\/grupos.unileon.es\/xxx-jornadas-augac\/files\/2023\/04\/Mineria-Ponferrada-1.jpg\" alt=\"\" width=\"720\" height=\"405\" \/>Adem\u00e1s, este fen\u00f3meno migratorio no solo se produce de zonas rurales a urbanas, sino que se est\u00e1 dando entre ciudades, de las m\u00e1s peque\u00f1as a las m\u00e1s grandes, en lo que parece ser una imparable concentraci\u00f3n.<\/span><\/p>\n<p><span style=\"font-size: 14pt;\">En este contexto, <strong>las XXXIII Jornadas de AUGAC van a abordar la situaci\u00f3n de las universidades y de los campus que se encuentran en zonas \u2018perif\u00e9ricas\u2019<\/strong>, y que han de competir con otras que est\u00e1n ubicadas en esos n\u00facleos que funcionan como focos de atracci\u00f3n.<\/span><\/p>\n<p><span style=\"font-size: 14pt;\">\u00bfC\u00f3mo inciden y de qu\u00e9 manera son percibidas en su entorno m\u00e1s cercano?, \u00bfDe qu\u00e9 forma puede la comunicaci\u00f3n favorecer la imagen de dichos centros educativos?, \u00bfEs posible difundir con \u00e9xito el trabajo de la investigaci\u00f3n que llevan a cabo y sus resultados, o el hecho de estar en la periferia lo hace m\u00e1s dif\u00edcil?<\/span><\/p>\n<p><span style=\"font-size: 14pt;\"><strong><img loading=\"lazy\" decoding=\"async\" class=\"alignnone wp-image-280\" src=\"https:\/\/grupos.unileon.es\/xxx-jornadas-augac\/files\/2023\/04\/Campus-de-Ponferrada-5-1.jpg\" alt=\"\" width=\"600\" height=\"369\" \/>Expertos de comunicaci\u00f3n y marketing, em\u00e9ritos de AUGAC, investigadores universitarios y profesionales de los medios van a debatir y exponer sus propuestas e ideas<\/strong> en estas jornadas que se van a desarrollar en el Campus de Ponferrada de la Universidad de Le\u00f3n, que est\u00e1 ubicado precisamente en una zona que afronta el reto de la despoblaci\u00f3n, tras el declive de la miner\u00eda y de otras actividades industriales asociadas que marcaron su devenir hist\u00f3rico.<\/span><\/p>\n<p>&nbsp;<\/p>\n","protected":false},"excerpt":{"rendered":"<p>En los \u00faltimos tiempos es frecuente escuchar la expresi\u00f3n \u2018la Espa\u00f1a vaciada\u2019, que hace referencia a la tendencia de la poblaci\u00f3n a concentrarse en las ciudades, capitales de provincia y grandes urbes. El campo, las peque\u00f1as poblaciones y las zonas rurales pierden habitantes y con ello empresas, actividad comercial y servicios de todo tipo (sanidad, [&hellip;]<\/p>\n","protected":false},"author":50,"featured_media":0,"parent":0,"menu_order":0,"comment_status":"closed","ping_status":"closed","template":"","meta":{"footnotes":""},"class_list":["post-42","page","type-page","status-publish","hentry"],"_links":{"self":[{"href":"https:\/\/grupos.unileon.es\/xxx-jornadas-augac\/wp-json\/wp\/v2\/pages\/42","targetHints":{"allow":["GET"]}}],"collection":[{"href":"https:\/\/grupos.unileon.es\/xxx-jornadas-augac\/wp-json\/wp\/v2\/pages"}],"about":[{"href":"https:\/\/grupos.unileon.es\/xxx-jornadas-augac\/wp-json\/wp\/v2\/types\/page"}],"author":[{"embeddable":true,"href":"https:\/\/grupos.unileon.es\/xxx-jornadas-augac\/wp-json\/wp\/v2\/users\/50"}],"replies":[{"embeddable":true,"href":"https:\/\/grupos.unileon.es\/xxx-jornadas-augac\/wp-json\/wp\/v2\/comments?post=42"}],"version-history":[{"count":7,"href":"https:\/\/grupos.unileon.es\/xxx-jornadas-augac\/wp-json\/wp\/v2\/pages\/42\/revisions"}],"predecessor-version":[{"id":292,"href":"https:\/\/grupos.unileon.es\/xxx-jornadas-augac\/wp-json\/wp\/v2\/pages\/42\/revisions\/292"}],"wp:attachment":[{"href":"https:\/\/grupos.unileon.es\/xxx-jornadas-augac\/wp-json\/wp\/v2\/media?parent=42"}],"curies":[{"name":"wp","href":"https:\/\/api.w.org\/{rel}","templated":true}]}}