{"id":61,"date":"2017-09-25T10:15:26","date_gmt":"2017-09-25T10:15:26","guid":{"rendered":"http:\/\/grupos.unileon.es\/xxix-jornadas-augac\/?page_id=61"},"modified":"2023-04-20T11:31:58","modified_gmt":"2023-04-20T11:31:58","slug":"organizacion","status":"publish","type":"page","link":"https:\/\/grupos.unileon.es\/xxx-jornadas-augac\/organizacion\/","title":{"rendered":"Organizaci\u00f3n"},"content":{"rendered":"<h3><strong><span style=\"font-size: 14pt;\">Gabinete de Prensa y Comunicaciones <\/span><\/strong><span style=\"font-size: 14pt;\">(Oficina Pabell\u00f3n de Gobierno)<\/span><\/h3>\n<p><span style=\"font-size: 14pt;\"><strong>Carlos VICENTE RUBIO<\/strong><\/span><\/p>\n<p><span style=\"font-size: 14pt;\">Tfno: 987 \u2013 291 640 \/ Correo electr\u00f3nico: gercvr@unileon.es<\/span><\/p>\n<p><span style=\"font-size: 14pt;\"><strong>Organiza:<\/strong><\/span><\/p>\n<ul>\n<li><span style=\"font-size: 14pt;\"><strong><a href=\"https:\/\/www.unileon.es\/\">Universidad de Le\u00f3n<\/a><\/strong><\/span><\/li>\n<li><span style=\"font-size: 14pt;\"><a href=\"https:\/\/www.augac.es\/que-es-augac\"><strong>AUGAC (Asociaci\u00f3n de Gabinetes de Comunicaci\u00f3n de Universidades y Centros de Investigaci\u00f3n de Espa\u00f1a)<\/strong><\/a><\/span><\/li>\n<\/ul>\n<h3><span style=\"font-size: 14pt;\"><strong>Patrocina:<\/strong><\/span><\/h3>\n<ul>\n<li><span style=\"font-size: 14pt;\"><a href=\"https:\/\/www.santander.com\/es\/nuestro-compromiso\/crecimiento-inclusivo-y-sostenible\/compromiso-con-la-educacion-superior\"><strong>Santander Universidades<\/strong><\/a><\/span><\/li>\n<\/ul>\n<h3><span style=\"font-size: 14pt;\"><strong>Entidades Colaboradoras:<\/strong><\/span><\/h3>\n<ul class=\"big\">\n<li><strong><span style=\"font-size: 14pt;\"><a href=\"https:\/\/ccbierzo.com\/institucion\/\">Consejo Comarcal del Bierzo<\/a><\/span><\/strong><\/li>\n<li><strong><span style=\"font-size: 14pt;\"><a href=\"https:\/\/www.ponferrada.org\/es\">Ayuntamiento de Ponferrada<\/a><\/span><\/strong><\/li>\n<li><strong><span style=\"font-size: 14pt;\"><a href=\"https:\/\/www.crdobierzo.es\/es\/\">Consejo Regulador de la Denominaci\u00f3n de Origen Bierzo<\/a><\/span><\/strong><\/li>\n<li><strong><span style=\"font-size: 14pt;\"><a href=\"https:\/\/pradaatope.com.es\/\">Prada a Tope &#8211; Palacio de Canedo<\/a><\/span><\/strong><\/li>\n<\/ul>\n<p><a style=\"padding-right: 30px;\" href=\"https:\/\/www.facebook.com\/augac\/\"><img decoding=\"async\" class=\"alignleft wp-image-150\" src=\"http:\/\/grupos.unileon.es\/xxx-jornadas-augac\/files\/2017\/09\/logo_augac-300x99.jpg\" alt=\"Asociaci\u00f3n de Gabinetes de Comunicaci\u00f3n de Universidades y Centros de Investigaci\u00f3n de Espa\u00f1a\" width=\"280\" srcset=\"https:\/\/grupos.unileon.es\/xxx-jornadas-augac\/files\/2017\/09\/logo_augac-300x99.jpg 300w, https:\/\/grupos.unileon.es\/xxx-jornadas-augac\/files\/2017\/09\/logo_augac.jpg 694w\" sizes=\"(max-width: 300px) 100vw, 300px\" \/><\/a><a href=\"https:\/\/www.santander.com\/csgs\/Satellite\/CFWCSancomQP01\/es_ES\/Corporativo\/Sostenibilidad\/Santander-Universidades\/Banco-Santander-comprometido-con-la-educacion-superior.html\"><img decoding=\"async\" class=\"alignleft wp-image-153\" src=\"http:\/\/grupos.unileon.es\/xxx-jornadas-augac\/files\/2017\/09\/logo_santander-300x114.jpg\" alt=\"Banco Santander\" width=\"280\" srcset=\"https:\/\/grupos.unileon.es\/xxx-jornadas-augac\/files\/2017\/09\/logo_santander-300x114.jpg 300w, https:\/\/grupos.unileon.es\/xxx-jornadas-augac\/files\/2017\/09\/logo_santander.jpg 556w\" sizes=\"(max-width: 300px) 100vw, 300px\" \/><\/a><\/p>\n<p><!--<a href=\"https:\/\/www.crdobierzo.es\/\"><img decoding=\"async\" class=\"alignright\" src=\"https:\/\/www.crdobierzo.es\/imagenes\/logo4.png\" alt=\"Consejo Regulador de la Denominaci\u00f3n de Origen Bierzo.\" height=\"130\" \/><\/a>--><\/p>\n<p><a style=\"padding-right: 30px;\" href=\"https:\/\/ccbierzo.com\/institucion\/\"><img decoding=\"async\" class=\"alignnone wp-image-257\" src=\"https:\/\/grupos.unileon.es\/xxx-jornadas-augac\/files\/2023\/04\/Logo-Consejo-Comarcal-del-Bierzo.png\" alt=\"\" width=\"280\" \/><\/a><a href=\"https:\/\/www.ponferrada.org\/es\"><img decoding=\"async\" class=\"alignnone wp-image-211\" src=\"https:\/\/grupos.unileon.es\/xxx-jornadas-augac\/files\/2023\/04\/Logo-Ayto-Ponferrada.jpg\" alt=\"\" width=\"280\" \/><\/a><\/p>\n<p><a style=\"padding-right: 30px;\" href=\"https:\/\/www.unileon.es\"><img decoding=\"async\" class=\"alignnone wp-image-258\" src=\"https:\/\/grupos.unileon.es\/xxx-jornadas-augac\/files\/2023\/04\/Logo-ULE.png\" alt=\"\" width=\"280\" \/><\/a><a href=\"https:\/\/pradaatope.com.es\/\"><img decoding=\"async\" class=\"alignnone wp-image-260\" src=\"https:\/\/grupos.unileon.es\/xxx-jornadas-augac\/files\/2023\/04\/Logo-Palacio-de-Canedo.png\" alt=\"\" width=\"280\" \/>\u00a0\u00a0\u00a0<\/a><\/p>\n<p><a href=\"https:\/\/www.crdobierzo.es\/es\/\"><img loading=\"lazy\" decoding=\"async\" class=\"alignnone wp-image-366\" src=\"https:\/\/grupos.unileon.es\/xxx-jornadas-augac\/files\/2023\/04\/Consejo-DO-Bierzo.png\" alt=\"\" width=\"128\" height=\"176\" \/><\/a><\/p>\n","protected":false},"excerpt":{"rendered":"<p>Gabinete de Prensa y Comunicaciones (Oficina Pabell\u00f3n de Gobierno) Carlos VICENTE RUBIO Tfno: 987 \u2013 291 640 \/ Correo electr\u00f3nico: gercvr@unileon.es Organiza: Universidad de Le\u00f3n AUGAC (Asociaci\u00f3n de Gabinetes de Comunicaci\u00f3n de Universidades y Centros de Investigaci\u00f3n de Espa\u00f1a) Patrocina: Santander Universidades Entidades Colaboradoras: Consejo Comarcal del Bierzo Ayuntamiento de Ponferrada Consejo Regulador de la [&hellip;]<\/p>\n","protected":false},"author":50,"featured_media":0,"parent":0,"menu_order":0,"comment_status":"closed","ping_status":"closed","template":"","meta":{"footnotes":""},"class_list":["post-61","page","type-page","status-publish","hentry"],"_links":{"self":[{"href":"https:\/\/grupos.unileon.es\/xxx-jornadas-augac\/wp-json\/wp\/v2\/pages\/61","targetHints":{"allow":["GET"]}}],"collection":[{"href":"https:\/\/grupos.unileon.es\/xxx-jornadas-augac\/wp-json\/wp\/v2\/pages"}],"about":[{"href":"https:\/\/grupos.unileon.es\/xxx-jornadas-augac\/wp-json\/wp\/v2\/types\/page"}],"author":[{"embeddable":true,"href":"https:\/\/grupos.unileon.es\/xxx-jornadas-augac\/wp-json\/wp\/v2\/users\/50"}],"replies":[{"embeddable":true,"href":"https:\/\/grupos.unileon.es\/xxx-jornadas-augac\/wp-json\/wp\/v2\/comments?post=61"}],"version-history":[{"count":20,"href":"https:\/\/grupos.unileon.es\/xxx-jornadas-augac\/wp-json\/wp\/v2\/pages\/61\/revisions"}],"predecessor-version":[{"id":368,"href":"https:\/\/grupos.unileon.es\/xxx-jornadas-augac\/wp-json\/wp\/v2\/pages\/61\/revisions\/368"}],"wp:attachment":[{"href":"https:\/\/grupos.unileon.es\/xxx-jornadas-augac\/wp-json\/wp\/v2\/media?parent=61"}],"curies":[{"name":"wp","href":"https:\/\/api.w.org\/{rel}","templated":true}]}}