{"id":65,"date":"2017-09-25T10:46:03","date_gmt":"2017-09-25T10:46:03","guid":{"rendered":"http:\/\/grupos.unileon.es\/xxix-jornadas-augac\/?page_id=65"},"modified":"2023-04-26T17:42:34","modified_gmt":"2023-04-26T17:42:34","slug":"como-llegar-a-leon","status":"publish","type":"page","link":"https:\/\/grupos.unileon.es\/xxx-jornadas-augac\/como-llegar-a-leon\/","title":{"rendered":"Como llegar a Ponferrada"},"content":{"rendered":"<p style=\"text-align: justify;\"><span style=\"font-size: 14pt;\">Desde Madrid se puede llegar a Ponferrada por carretera o ferrocarril, pasando por Le\u00f3n. El viaje es r\u00e1pido y seguro y las conexiones diarias son frecuentes. La distancia es de unos 360 kil\u00f3metros, que se pueden recorrer por la A-6 en algo m\u00e1s de cuatro horas.<\/span><\/p>\n<p style=\"text-align: justify;\"><span style=\"font-size: 14pt;\">La compa\u00f1\u00eda de autobuses ALSA tiene varias conexiones diarias que parten de la Estaci\u00f3n Sur, algunas de ellas conectando con el aeropuerto Alfonso Suarez de Madrid-Barajas.\u00a0 Todas las posibilidades se pueden consultar en el siguiente <a href=\"https:\/\/www.alsa.es\/checkout?p_p_id=PurchasePortlet_WAR_Alsaportlet&amp;p_p_lifecycle=1&amp;p_p_state=normal&amp;p_p_mode=view&amp;_PurchasePortlet_WAR_Alsaportlet_javax.portlet.action=searchJourneysAction&amp;p_auth=GL1bbEg3&amp;code=&amp;serviceType=&amp;accessible=0&amp;_JourneySearchPortlet_WAR_Alsaportlet_INSTANCE_JourneySearch_21652748_originStationNameId=Madrid%20(Todas%20las%20paradas)&amp;originStationId=90155&amp;originStationSimplifiedName=Madrid&amp;originStationIsMoveliaStop=false&amp;destinationStationId=139&amp;destinationStationSimplifiedName=Le%C3%B3n&amp;destinationStationIsMoveliaStop=false&amp;departureDate=24%2F05%2F2023&amp;returnDate=&amp;locationMode=&amp;passengerType-1=1&amp;passengerType-4=0&amp;passengerType-5=0&amp;passengerType-2=0&amp;passengerType-3=0&amp;numPassengers=1&amp;regionalZone=&amp;travelType=OUTWARD&amp;LIFERAY_SHARED_isTrainTrip=false&amp;LIFERAY_SHARED_isRoundTrip=false&amp;LIFERAY_SHARED_isShipTrip=false&amp;LIFERAY_SHARED_destinationStationIdIcon=&amp;promoCode=&amp;jsonAlsaPassPassenger=&amp;jsonVoucherPassenger=&amp;checkAllCombinations=on\"><strong>ENLACE<\/strong><\/a>)<\/span><\/p>\n<p style=\"text-align: justify;\"><span style=\"font-size: 14pt;\">Le\u00f3n dispone de sistema de alta velocidad AVE de RENFE que unen diariamente Madrid con Le\u00f3n, con varias conexiones en ambos sentidos y una duraci\u00f3n de poco m\u00e1s de dos horas. De Le\u00f3n a Ponferrada hay tambi\u00e9n varios trenes (2 directos y varias combinaciones) se pueden consultar en el siguiente <strong>ENLACE<\/strong><\/span><\/p>\n","protected":false},"excerpt":{"rendered":"<p>Desde Madrid se puede llegar a Ponferrada por carretera o ferrocarril, pasando por Le\u00f3n. El viaje es r\u00e1pido y seguro y las conexiones diarias son frecuentes. La distancia es de unos 360 kil\u00f3metros, que se pueden recorrer por la A-6 en algo m\u00e1s de cuatro horas. La compa\u00f1\u00eda de autobuses ALSA tiene varias conexiones diarias [&hellip;]<\/p>\n","protected":false},"author":50,"featured_media":0,"parent":0,"menu_order":0,"comment_status":"closed","ping_status":"closed","template":"","meta":{"footnotes":""},"class_list":["post-65","page","type-page","status-publish","hentry"],"_links":{"self":[{"href":"https:\/\/grupos.unileon.es\/xxx-jornadas-augac\/wp-json\/wp\/v2\/pages\/65","targetHints":{"allow":["GET"]}}],"collection":[{"href":"https:\/\/grupos.unileon.es\/xxx-jornadas-augac\/wp-json\/wp\/v2\/pages"}],"about":[{"href":"https:\/\/grupos.unileon.es\/xxx-jornadas-augac\/wp-json\/wp\/v2\/types\/page"}],"author":[{"embeddable":true,"href":"https:\/\/grupos.unileon.es\/xxx-jornadas-augac\/wp-json\/wp\/v2\/users\/50"}],"replies":[{"embeddable":true,"href":"https:\/\/grupos.unileon.es\/xxx-jornadas-augac\/wp-json\/wp\/v2\/comments?post=65"}],"version-history":[{"count":7,"href":"https:\/\/grupos.unileon.es\/xxx-jornadas-augac\/wp-json\/wp\/v2\/pages\/65\/revisions"}],"predecessor-version":[{"id":372,"href":"https:\/\/grupos.unileon.es\/xxx-jornadas-augac\/wp-json\/wp\/v2\/pages\/65\/revisions\/372"}],"wp:attachment":[{"href":"https:\/\/grupos.unileon.es\/xxx-jornadas-augac\/wp-json\/wp\/v2\/media?parent=65"}],"curies":[{"name":"wp","href":"https:\/\/api.w.org\/{rel}","templated":true}]}}