{"id":67,"date":"2017-09-25T10:46:35","date_gmt":"2017-09-25T10:46:35","guid":{"rendered":"http:\/\/grupos.unileon.es\/xxix-jornadas-augac\/?page_id=67"},"modified":"2023-04-14T18:23:31","modified_gmt":"2023-04-14T18:23:31","slug":"como-localizar-el-albeitar","status":"publish","type":"page","link":"https:\/\/grupos.unileon.es\/xxx-jornadas-augac\/como-localizar-el-albeitar\/","title":{"rendered":"Como localizar el Campus de Ponferrada"},"content":{"rendered":"<p><img loading=\"lazy\" decoding=\"async\" class=\"alignnone wp-image-204\" src=\"https:\/\/grupos.unileon.es\/xxx-jornadas-augac\/files\/2023\/04\/Plano-Ponferrada-1.jpg\" alt=\"\" width=\"600\" height=\"282\" \/><\/p>\n<p><span style=\"font-size: 14pt;\">Por la A-6, tomar la salida 382 en direcci\u00f3n La Coru\u00f1a o la salida 383 en direcci\u00f3n Madrid, para incorporarse a la N-VI, sentido Ponferrada. Al cabo de 2 kil\u00f3metros tomar la salida a Ponferrada; en la siguiente rotonda, tomar la segunda salida. En la siguiente rotonda, tomar la primera salida. Continuar recto y en 600 metros, a mano derecha, se encuentra el Campus de Ponferrada.<\/span><\/p>\n<p><span style=\"font-size: 14pt;\">La ubicaci\u00f3n se puede consultar con detalle en el siguiente <a href=\"https:\/\/www.google.com\/maps\/place\/42%C2%B033'02.4%22N+6%C2%B034'51.8%22W\/@42.5506551,-6.5810504,17z\/data=!4m4!3m3!8m2!3d42.5506667!4d-6.5810556\"><strong>ENLACE<\/strong><\/a><\/span><\/p>\n<p>&nbsp;<\/p>\n<p>&nbsp;<\/p>\n","protected":false},"excerpt":{"rendered":"<p>Por la A-6, tomar la salida 382 en direcci\u00f3n La Coru\u00f1a o la salida 383 en direcci\u00f3n Madrid, para incorporarse a la N-VI, sentido Ponferrada. Al cabo de 2 kil\u00f3metros tomar la salida a Ponferrada; en la siguiente rotonda, tomar la segunda salida. En la siguiente rotonda, tomar la primera salida. Continuar recto y en [&hellip;]<\/p>\n","protected":false},"author":50,"featured_media":0,"parent":0,"menu_order":0,"comment_status":"closed","ping_status":"closed","template":"","meta":{"footnotes":""},"class_list":["post-67","page","type-page","status-publish","hentry"],"_links":{"self":[{"href":"https:\/\/grupos.unileon.es\/xxx-jornadas-augac\/wp-json\/wp\/v2\/pages\/67","targetHints":{"allow":["GET"]}}],"collection":[{"href":"https:\/\/grupos.unileon.es\/xxx-jornadas-augac\/wp-json\/wp\/v2\/pages"}],"about":[{"href":"https:\/\/grupos.unileon.es\/xxx-jornadas-augac\/wp-json\/wp\/v2\/types\/page"}],"author":[{"embeddable":true,"href":"https:\/\/grupos.unileon.es\/xxx-jornadas-augac\/wp-json\/wp\/v2\/users\/50"}],"replies":[{"embeddable":true,"href":"https:\/\/grupos.unileon.es\/xxx-jornadas-augac\/wp-json\/wp\/v2\/comments?post=67"}],"version-history":[{"count":6,"href":"https:\/\/grupos.unileon.es\/xxx-jornadas-augac\/wp-json\/wp\/v2\/pages\/67\/revisions"}],"predecessor-version":[{"id":274,"href":"https:\/\/grupos.unileon.es\/xxx-jornadas-augac\/wp-json\/wp\/v2\/pages\/67\/revisions\/274"}],"wp:attachment":[{"href":"https:\/\/grupos.unileon.es\/xxx-jornadas-augac\/wp-json\/wp\/v2\/media?parent=67"}],"curies":[{"name":"wp","href":"https:\/\/api.w.org\/{rel}","templated":true}]}}