{"id":9,"date":"2017-07-26T09:29:21","date_gmt":"2017-07-26T09:29:21","guid":{"rendered":"http:\/\/grupos.unileon.es\/xxix-jornadas-augac\/?page_id=9"},"modified":"2023-04-19T08:59:18","modified_gmt":"2023-04-19T08:59:18","slug":"objetivos-y-tematica-especifica","status":"publish","type":"page","link":"https:\/\/grupos.unileon.es\/xxx-jornadas-augac\/","title":{"rendered":"Objetivos y tem\u00e1tica espec\u00edfica"},"content":{"rendered":"<p class=\"aligncenter\"><span style=\"font-size: 14pt;\"><strong>XXXIII Jornadas de Formaci\u00f3n de la Asociaci\u00f3n de Gabinetes de Comunicaci\u00f3n de las Universidades y Centros de Investigaci\u00f3n de Espa\u00f1a \u2013 AUGAC.<\/strong><\/span><\/p>\n<h2><img loading=\"lazy\" decoding=\"async\" class=\"alignleft wp-image-229\" src=\"https:\/\/grupos.unileon.es\/xxx-jornadas-augac\/files\/2023\/04\/Campus-de-Ponferrada.jpg\" alt=\"\" width=\"600\" height=\"318\" \/><\/h2>\n<h2 class=\"aligncenter\" style=\"text-align: center;\">&#8216;RETOS Y OPORTUNIDADES EN LA COMUNICACI\u00d3N DE LOS CAMPUS PERIF\u00c9RICOS&#8217;<\/h2>\n<p><span style=\"font-size: 14pt;\">Las Jornadas de Formaci\u00f3n de la Asociaci\u00f3n de Gabinetes de Comunicaci\u00f3n de las Universidades y Centros de Investigaci\u00f3n de Espa\u00f1a (AUGAC) est\u00e1n dirigidas a sus miembros, y abiertas tambi\u00e9n a la participaci\u00f3n de cualquier estudiante o profesional del \u00e1mbito de la comunicaci\u00f3n que est\u00e9 interesado por el tema que centra el inter\u00e9s de cada edici\u00f3n.<\/span><\/p>\n<p><span style=\"font-size: 14pt;\">Desde 1985 se han celebrado pr\u00e1cticamente todos los a\u00f1os en distintos lugares de la geograf\u00eda espa\u00f1ola.<\/span><\/p>\n<p><span style=\"font-size: 14pt;\">La Universidad de Le\u00f3n fue la anfitriona por vez primera en la XXIX edici\u00f3n, que se celebr\u00f3 con gran \u00e9xito en octubre de 2017 en el Pabell\u00f3n de Gobierno bajo el t\u00edtulo<strong> \u2018<em>La Comunicaci\u00f3n en la \u00e9poca de la posverdad. \u00bfManipulaci\u00f3n, falta de credibilidad o normalizaci\u00f3n de la mentira?\u2019.<\/em><\/strong><\/span><\/p>\n<p><span style=\"font-size: 14pt;\">Seis a\u00f1os despu\u00e9s, de nuevo ser\u00e1 la ULE la sede de las XXXIII jornadas, est\u00e1 vez en el Campus de Ponferrada y bajo el lema <strong>&#8216;<em>Retos y oportunidades en la comunicaci\u00f3n de los campus perif\u00e9ricos&#8217;.<\/em><\/strong><\/span><\/p>\n<p><span style=\"font-size: 14pt;\">En esta ocasi\u00f3n se ha organizado un interesante programa acad\u00e9mico, integrado por ponencias y mesas redondas, que ser\u00e1 complementado por una exposici\u00f3n que recorre los treinta y tres a\u00f1os de jornadas de AUGAC.<\/span><\/p>\n<p><span style=\"font-size: 14pt;\">Quienes formalicen su inscripci\u00f3n van a tener la posibilidad de participar tambi\u00e9n en atractivas propuestas culturales para conocer Ponferrada, ciudad hist\u00f3rica y monumental, y tambi\u00e9n algunos de los maravillosos parajes de la comarca, como Las M\u00e9dulas, un entorno paisaj\u00edstico formado por una antigua explotaci\u00f3n minera romana de oro, que fue declarada por la UNESCO en 1997 Patrimonio de la Humanidad, y Monumento Natural en 2002.<\/span><\/p>\n<h3><span style=\"font-size: 14pt;\"><strong>Entidades que han patrocinado las jornadas:<\/strong><\/span><\/h3>\n<p><a href=\"https:\/\/www.facebook.com\/augac\/\"><img decoding=\"async\" class=\"alignleft size-medium wp-image-150\" src=\"http:\/\/grupos.unileon.es\/xxix-jornadas-augac\/files\/2017\/09\/logo_augac-300x99.jpg\" alt=\"Asociaci\u00f3n de Gabinetes de Comunicaci\u00f3n de Universidades y Centros de Investigaci\u00f3n de Espa\u00f1a\" width=\"200\" srcset=\"https:\/\/grupos.unileon.es\/xxx-jornadas-augac\/files\/2017\/09\/logo_augac-300x99.jpg 300w, https:\/\/grupos.unileon.es\/xxx-jornadas-augac\/files\/2017\/09\/logo_augac.jpg 694w\" sizes=\"(max-width: 300px) 100vw, 300px\" \/><\/a><a href=\"https:\/\/www.santander.com\/csgs\/Satellite\/CFWCSancomQP01\/es_ES\/Corporativo\/Sostenibilidad\/Santander-Universidades\/Banco-Santander-comprometido-con-la-educacion-superior.html\"><img decoding=\"async\" class=\"alignleft size-medium wp-image-153\" src=\"http:\/\/grupos.unileon.es\/xxix-jornadas-augac\/files\/2017\/09\/logo_santander-300x114.jpg\" alt=\"Banco Santander\" width=\"200\" srcset=\"https:\/\/grupos.unileon.es\/xxx-jornadas-augac\/files\/2017\/09\/logo_santander-300x114.jpg 300w, https:\/\/grupos.unileon.es\/xxx-jornadas-augac\/files\/2017\/09\/logo_santander.jpg 556w\" sizes=\"(max-width: 300px) 100vw, 300px\" \/><\/a><\/p>\n<p>&nbsp;<\/p>\n<p>&nbsp;<\/p>\n<p><span style=\"font-size: 18pt;\">Las personas que est\u00e9n interesadas pueden formalizar su <span style=\"color: #ff0000;\">INSCRIPCI\u00d3N en el siguiente <a style=\"color: #ff0000;\" href=\"http:\/\/extensionuniversitaria.unileon.es\/euniversitaria\/curso.aspx?id=2749\"><span style=\"font-size: 24pt;\"><strong>ENLACE<\/strong><\/span><\/a><\/span><\/span><\/p>\n","protected":false},"excerpt":{"rendered":"<p>XXXIII Jornadas de Formaci\u00f3n de la Asociaci\u00f3n de Gabinetes de Comunicaci\u00f3n de las Universidades y Centros de Investigaci\u00f3n de Espa\u00f1a \u2013 AUGAC. &#8216;RETOS Y OPORTUNIDADES EN LA COMUNICACI\u00d3N DE LOS CAMPUS PERIF\u00c9RICOS&#8217; Las Jornadas de Formaci\u00f3n de la Asociaci\u00f3n de Gabinetes de Comunicaci\u00f3n de las Universidades y Centros de Investigaci\u00f3n de Espa\u00f1a (AUGAC) est\u00e1n dirigidas [&hellip;]<\/p>\n","protected":false},"author":50,"featured_media":0,"parent":0,"menu_order":0,"comment_status":"closed","ping_status":"closed","template":"","meta":{"footnotes":""},"class_list":["post-9","page","type-page","status-publish","hentry"],"_links":{"self":[{"href":"https:\/\/grupos.unileon.es\/xxx-jornadas-augac\/wp-json\/wp\/v2\/pages\/9","targetHints":{"allow":["GET"]}}],"collection":[{"href":"https:\/\/grupos.unileon.es\/xxx-jornadas-augac\/wp-json\/wp\/v2\/pages"}],"about":[{"href":"https:\/\/grupos.unileon.es\/xxx-jornadas-augac\/wp-json\/wp\/v2\/types\/page"}],"author":[{"embeddable":true,"href":"https:\/\/grupos.unileon.es\/xxx-jornadas-augac\/wp-json\/wp\/v2\/users\/50"}],"replies":[{"embeddable":true,"href":"https:\/\/grupos.unileon.es\/xxx-jornadas-augac\/wp-json\/wp\/v2\/comments?post=9"}],"version-history":[{"count":20,"href":"https:\/\/grupos.unileon.es\/xxx-jornadas-augac\/wp-json\/wp\/v2\/pages\/9\/revisions"}],"predecessor-version":[{"id":356,"href":"https:\/\/grupos.unileon.es\/xxx-jornadas-augac\/wp-json\/wp\/v2\/pages\/9\/revisions\/356"}],"wp:attachment":[{"href":"https:\/\/grupos.unileon.es\/xxx-jornadas-augac\/wp-json\/wp\/v2\/media?parent=9"}],"curies":[{"name":"wp","href":"https:\/\/api.w.org\/{rel}","templated":true}]}}